{"id":106,"date":"2017-06-27T09:24:44","date_gmt":"2017-06-27T09:24:44","guid":{"rendered":"https:\/\/printerphoenix.com\/?post_type=product&#038;p=106"},"modified":"2022-02-14T14:46:06","modified_gmt":"2022-02-14T14:46:06","slug":"fusor-rm1-8396-ce988-67902-hp-laserjet-enterprise-m600","status":"publish","type":"product","link":"https:\/\/printerphoenix.com\/en\/tienda\/fusor-rm1-8396-ce988-67902-hp-laserjet-enterprise-m600\/","title":{"rendered":"Fusor RM1-8396 \/ CE988-67902 HP LaserJet Enterprise M600"},"content":{"rendered":"<p style=\"text-align: left\">Referencia del Fabricante: RM1-8396 \/ CE988-67902<\/p>\n<p style=\"text-align: left\"><strong>Tipo:<\/strong>\u00a0Remanufacturado<br \/>\n<strong>Garant\u00eda:<\/strong>\u00a06 meses<br \/>\n<strong>Vida \u00fatil:<\/strong>\u00a0\u00a0+\/- 200.000 copias ( 5% Cobertura)<br \/>\n<strong>Plazo de entrega:<\/strong>\u00a024\/48 hora<br \/>\n<strong>Instalaci\u00f3n*:<\/strong>\u00a0Mano de Obra y desplazamineto 46\u20ac (Si se requiere).<br \/>\n<strong>Portes**:\u00a0<\/strong>Transporte de envi\u00f3 y recolecta incluido en el precio del fusor si nos devuelve la carcasa usada en el mismo eco-embalaje del envi\u00f3.<\/p>\n<p style=\"text-align: left\">* Cobertura en todo el\u00a0territorio nacional, contamos con m\u00e1s 50 centros de Servicio de Asistencia T\u00e9cnica lo que nos permite una r\u00e1pida respuesta<\/p>\n<p style=\"text-align: left\">**Para m\u00e1s informaci\u00f3n consultar:\u00a0<a href=\"https:\/\/printerphoenix.com\/metodos-de-envio\/\"><em><strong>m\u00e9todos de envi\u00f3 y retorno<\/strong><\/em><\/a><\/p>\n<p>RM1-8396 \/ CE988-67902 Fusor 220v para impresoras HP LaserJet Enterprise M601, M601N, M601DN, M601M \/ M602, M602N, M602DN, M602X \/ M603, M603N, M603DN, M603XH<\/p>\n<p><img loading=\"lazy\" decoding=\"async\" class=\"alignnone size-medium wp-image-108\" src=\"https:\/\/printerphoenix.com\/wp-content\/uploads\/2017\/06\/Laserjet-Enterprise-600-300x225.jpg\" alt=\"\" width=\"300\" height=\"225\" \/><\/p>\n<p>&nbsp;<\/p>\n","protected":false},"excerpt":{"rendered":"<p>Referencia del Fabricante: RM1-8396 \/ CE988-67902 Tipo:\u00a0Remanufacturado Garant\u00eda:\u00a06 meses Vida \u00fatil:\u00a0\u00a0+\/- 200.000 copias ( 5% Cobertura) Plazo de entrega:\u00a024\/48 hora Instalaci\u00f3n*:\u00a0Mano de Obra y desplazamineto 46\u20ac (Si se requiere). Portes**:\u00a0Transporte de envi\u00f3 y recolecta incluido en el precio del fusor si nos devuelve la carcasa usada en el mismo eco-embalaje del envi\u00f3. * Cobertura en todo el\u00a0territorio nacional, contamos con [&hellip;]<\/p>\n","protected":false},"featured_media":107,"template":"","meta":[],"product_brand":[],"product_cat":[15,16],"product_tag":[176,19,20,21,39],"class_list":{"0":"post-106","1":"product","2":"type-product","3":"status-publish","4":"has-post-thumbnail","6":"product_cat-fusores","7":"product_cat-hp","8":"product_tag-ce988-67902","9":"product_tag-fusor","10":"product_tag-hp","11":"product_tag-laserjet","12":"product_tag-rm1-8396","14":"first","15":"instock","16":"taxable","17":"shipping-taxable","18":"purchasable","19":"product-type-simple"},"_links":{"self":[{"href":"https:\/\/printerphoenix.com\/en\/wp-json\/wp\/v2\/product\/106","targetHints":{"allow":["GET"]}}],"collection":[{"href":"https:\/\/printerphoenix.com\/en\/wp-json\/wp\/v2\/product"}],"about":[{"href":"https:\/\/printerphoenix.com\/en\/wp-json\/wp\/v2\/types\/product"}],"wp:featuredmedia":[{"embeddable":true,"href":"https:\/\/printerphoenix.com\/en\/wp-json\/wp\/v2\/media\/107"}],"wp:attachment":[{"href":"https:\/\/printerphoenix.com\/en\/wp-json\/wp\/v2\/media?parent=106"}],"wp:term":[{"taxonomy":"product_brand","embeddable":true,"href":"https:\/\/printerphoenix.com\/en\/wp-json\/wp\/v2\/product_brand?post=106"},{"taxonomy":"product_cat","embeddable":true,"href":"https:\/\/printerphoenix.com\/en\/wp-json\/wp\/v2\/product_cat?post=106"},{"taxonomy":"product_tag","embeddable":true,"href":"https:\/\/printerphoenix.com\/en\/wp-json\/wp\/v2\/product_tag?post=106"}],"curies":[{"name":"wp","href":"https:\/\/api.w.org\/{rel}","templated":true}]}}