{"id":109,"date":"2017-06-27T09:31:14","date_gmt":"2017-06-27T09:31:14","guid":{"rendered":"https:\/\/printerphoenix.com\/?post_type=product&#038;p=109"},"modified":"2018-03-16T11:43:09","modified_gmt":"2018-03-16T11:43:09","slug":"fuser-laserjet-pro-400","status":"publish","type":"product","link":"https:\/\/printerphoenix.com\/en\/tienda\/fuser-laserjet-pro-400\/","title":{"rendered":"Fusor RM2-5425 HP LaserJet M402 \/ MFP 427"},"content":{"rendered":"<p>Referencia del Fabricante: RM2-5425<\/p>\n<p><strong>Tipo:<\/strong>\u00a0Remanufacturado<br \/>\n<strong>Garant\u00eda:<\/strong>\u00a06 meses<br \/>\n<strong>Vida \u00fatil:<\/strong>\u00a0\u00a0+\/- 100.000 copias ( 5% Cobertura)<br \/>\n<strong>Plazo de entrega:<\/strong>\u00a024\/48 hora<br \/>\n<strong>Instalaci\u00f3n*:<\/strong>\u00a0Mano de Obra y desplazamineto 46\u20ac (Si se requiere).<br \/>\n<strong>Portes**:\u00a0<\/strong>Transporte de envi\u00f3 y recolecta incluido en el precio del fusor si nos devuelve la carcasa usada en el mismo eco-embalaje del envi\u00f3.<\/p>\n<p><strong>*<\/strong>\u00a0Cobertura en todo el\u00a0territorio nacional, contamos con m\u00e1s 50 centros de Servicio de Asistencia T\u00e9cnica lo que nos permite una r\u00e1pida respuesta<\/p>\n<p><strong>**<\/strong>Para m\u00e1s informaci\u00f3n: <em><a href=\"https:\/\/printerphoenix.com\/metodos-de-envio\/\"><strong>M\u00e9todos de envi\u00f3 y retorno<\/strong>.<\/a><\/em><em>.\u00a0<\/em><\/p>\n<p><strong><br \/>\n<\/strong>RM2-5425<strong>\u00a0<\/strong>Fusor 220v para impresoras HP LaserJet M402, M403,\u00a0\/ MFP M426 ,MFP 427<strong><br \/>\n<\/strong><\/p>\n<p><img loading=\"lazy\" decoding=\"async\" class=\"aligncenter size-medium wp-image-706\" src=\"https:\/\/printerphoenix.com\/wp-content\/uploads\/2017\/06\/impresora-LaserJet-M402dn-300x235.jpg\" alt=\"\" width=\"300\" height=\"235\" srcset=\"https:\/\/printerphoenix.com\/wp-content\/uploads\/2017\/06\/impresora-LaserJet-M402dn-300x235.jpg 300w, https:\/\/printerphoenix.com\/wp-content\/uploads\/2017\/06\/impresora-LaserJet-M402dn-768x601.jpg 768w, https:\/\/printerphoenix.com\/wp-content\/uploads\/2017\/06\/impresora-LaserJet-M402dn-1024x801.jpg 1024w, https:\/\/printerphoenix.com\/wp-content\/uploads\/2017\/06\/impresora-LaserJet-M402dn-672x526.jpg 672w, https:\/\/printerphoenix.com\/wp-content\/uploads\/2017\/06\/impresora-LaserJet-M402dn-1038x812.jpg 1038w, https:\/\/printerphoenix.com\/wp-content\/uploads\/2017\/06\/impresora-LaserJet-M402dn.jpg 1500w\" sizes=\"auto, (max-width: 300px) 100vw, 300px\" \/><\/p>\n","protected":false},"excerpt":{"rendered":"<p>Referencia del Fabricante: RM2-5425 Tipo:\u00a0Remanufacturado Garant\u00eda:\u00a06 meses Vida \u00fatil:\u00a0\u00a0+\/- 100.000 copias ( 5% Cobertura) Plazo de entrega:\u00a024\/48 hora Instalaci\u00f3n*:\u00a0Mano de Obra y desplazamineto 46\u20ac (Si se requiere). Portes**:\u00a0Transporte de envi\u00f3 y recolecta incluido en el precio del fusor si nos devuelve la carcasa usada en el mismo eco-embalaje del envi\u00f3. *\u00a0Cobertura en todo el\u00a0territorio nacional, contamos con m\u00e1s 50 centros [&hellip;]<\/p>\n","protected":false},"featured_media":705,"template":"","meta":[],"product_brand":[],"product_cat":[15,16],"product_tag":[19,20,21,163],"class_list":{"0":"post-109","1":"product","2":"type-product","3":"status-publish","4":"has-post-thumbnail","6":"product_cat-fusores","7":"product_cat-hp","8":"product_tag-fusor","9":"product_tag-hp","10":"product_tag-laserjet","11":"product_tag-rm2-5425","13":"first","14":"instock","15":"taxable","16":"shipping-taxable","17":"purchasable","18":"product-type-simple"},"_links":{"self":[{"href":"https:\/\/printerphoenix.com\/en\/wp-json\/wp\/v2\/product\/109","targetHints":{"allow":["GET"]}}],"collection":[{"href":"https:\/\/printerphoenix.com\/en\/wp-json\/wp\/v2\/product"}],"about":[{"href":"https:\/\/printerphoenix.com\/en\/wp-json\/wp\/v2\/types\/product"}],"wp:featuredmedia":[{"embeddable":true,"href":"https:\/\/printerphoenix.com\/en\/wp-json\/wp\/v2\/media\/705"}],"wp:attachment":[{"href":"https:\/\/printerphoenix.com\/en\/wp-json\/wp\/v2\/media?parent=109"}],"wp:term":[{"taxonomy":"product_brand","embeddable":true,"href":"https:\/\/printerphoenix.com\/en\/wp-json\/wp\/v2\/product_brand?post=109"},{"taxonomy":"product_cat","embeddable":true,"href":"https:\/\/printerphoenix.com\/en\/wp-json\/wp\/v2\/product_cat?post=109"},{"taxonomy":"product_tag","embeddable":true,"href":"https:\/\/printerphoenix.com\/en\/wp-json\/wp\/v2\/product_tag?post=109"}],"curies":[{"name":"wp","href":"https:\/\/api.w.org\/{rel}","templated":true}]}}