{"id":11,"date":"2017-06-17T14:24:56","date_gmt":"2017-06-17T14:24:56","guid":{"rendered":"http:\/\/consuprint.activatonline.com\/?post_type=product&#038;p=11"},"modified":"2019-07-29T17:41:22","modified_gmt":"2019-07-29T17:41:22","slug":"fusor-impresora-lexmark-t640642644-x642644646","status":"publish","type":"product","link":"https:\/\/printerphoenix.com\/en\/tienda\/fusor-impresora-lexmark-t640642644-x642644646\/","title":{"rendered":"Fusor Lexmark T640\/642\/644\/646\/X642\/644\/646"},"content":{"rendered":"<p>Referencia del Fabricante: 40X2590<\/p>\n<p><strong>Tipo:<\/strong>\u00a0Remanufacturado<br \/>\n<strong>Garant\u00eda:<\/strong>\u00a06 meses<br \/>\n<strong>Vida \u00fatil:<\/strong>\u00a0\u00a0+\/- 300.000 copias ( 5% Cobertura)<br \/>\n<strong>Plazo de entrega:<\/strong>\u00a024\/48 hora<br \/>\n<strong>Instalaci\u00f3n*:<\/strong>\u00a0Mano de Obra y desplazamineto 46\u20ac (Si se requiere).<br \/>\n<strong>Portes**:\u00a0<\/strong>Transporte de envi\u00f3 y recolecta incluido en el precio del fusor si nos devuelve la carcasa usada en el mismo eco-embalaje del envi\u00f3.<\/p>\n<p><strong>*<\/strong>\u00a0Cobertura en todo el\u00a0territorio nacional, contamos con m\u00e1s 50 centros de Servicio de Asistencia T\u00e9cnica lo que nos permite una r\u00e1pida respuesta<\/p>\n<p><strong>**<\/strong>Para m\u00e1s informaci\u00f3n:\u00a0<em><strong>Consultar m\u00e9todos de envi\u00f3<\/strong>.<\/em><\/p>\n<p>Fusor 220v para impresoras Lexmark T640 \/ T642 \/ T644 \/ T646 \/ X642 \/ X644 \/ X646<\/p>\n<p><img loading=\"lazy\" decoding=\"async\" class=\"alignnone size-full wp-image-170\" src=\"https:\/\/printerphoenix.com\/wp-content\/uploads\/2017\/06\/Lexmark-T640.png\" alt=\"\" width=\"258\" height=\"254\" \/><\/p>\n<p>&nbsp;<\/p>\n","protected":false},"excerpt":{"rendered":"<p>Fusor (40X2590) Lexmark T640\/T642\/T644<\/p>\n","protected":false},"featured_media":12,"template":"","meta":[],"product_brand":[],"product_cat":[15,18],"product_tag":[19,24],"class_list":{"0":"post-11","1":"product","2":"type-product","3":"status-publish","4":"has-post-thumbnail","6":"product_cat-fusores","7":"product_cat-lexmark","8":"product_tag-fusor","9":"product_tag-lexmark","11":"first","12":"instock","13":"taxable","14":"shipping-taxable","15":"purchasable","16":"product-type-simple"},"_links":{"self":[{"href":"https:\/\/printerphoenix.com\/en\/wp-json\/wp\/v2\/product\/11","targetHints":{"allow":["GET"]}}],"collection":[{"href":"https:\/\/printerphoenix.com\/en\/wp-json\/wp\/v2\/product"}],"about":[{"href":"https:\/\/printerphoenix.com\/en\/wp-json\/wp\/v2\/types\/product"}],"wp:featuredmedia":[{"embeddable":true,"href":"https:\/\/printerphoenix.com\/en\/wp-json\/wp\/v2\/media\/12"}],"wp:attachment":[{"href":"https:\/\/printerphoenix.com\/en\/wp-json\/wp\/v2\/media?parent=11"}],"wp:term":[{"taxonomy":"product_brand","embeddable":true,"href":"https:\/\/printerphoenix.com\/en\/wp-json\/wp\/v2\/product_brand?post=11"},{"taxonomy":"product_cat","embeddable":true,"href":"https:\/\/printerphoenix.com\/en\/wp-json\/wp\/v2\/product_cat?post=11"},{"taxonomy":"product_tag","embeddable":true,"href":"https:\/\/printerphoenix.com\/en\/wp-json\/wp\/v2\/product_tag?post=11"}],"curies":[{"name":"wp","href":"https:\/\/api.w.org\/{rel}","templated":true}]}}