{"id":1141,"date":"2020-11-10T18:55:02","date_gmt":"2020-11-10T18:55:02","guid":{"rendered":"https:\/\/printerphoenix.com\/?post_type=product&#038;p=1141"},"modified":"2020-11-23T19:04:26","modified_gmt":"2020-11-23T19:04:26","slug":"impresora-hp-laserjet-m4555-mfp-ce503a","status":"publish","type":"product","link":"https:\/\/printerphoenix.com\/en\/tienda\/impresora-hp-laserjet-m4555-mfp-ce503a\/","title":{"rendered":"Impresora HP LASERJET M4555 MFP &#8211; (CE503A)"},"content":{"rendered":"<h1>Impresora HP LASERJET M4555 MFP &#8211; (CE503A)<\/h1>\n<p>Las Impresoras Impresora HP LASERJET M4555 MFP &#8211; (CE503A) Remanufacturadas de Printer Phoenix, son totalmente revisadas por nuestro servicio t\u00e9cnico y\u00a0 analizadas con el <a href=\"https:\/\/printerphoenix.com\/impresoras-remanufacturadas-printer-phoenix\/\">test de procedimientos de calidad<\/a>, \u00a0garant\u00eda de 6 meses o infinita por contarto de suministro de toners.<\/p>\n<p>Acceso al software y los controladores m\u00e1s recientes de la\u00a0Impresora<em>:<a href=\"https:\/\/support.hp.com\/es-es\/drivers\/selfservice\/hp-laserjet-enterprise-m4555-mfp-series\/4072931\"><strong> Impresora HP Laserjet M4555MFP (CE503A)<\/strong><\/a><\/em><\/p>\n<div id=\"attachment_1100\" style=\"width: 272px\" class=\"wp-caption aligncenter\"><img loading=\"lazy\" decoding=\"async\" aria-describedby=\"caption-attachment-1100\" class=\"wp-image-1100 size-medium\" src=\"https:\/\/printerphoenix.com\/wp-content\/uploads\/2020\/11\/HP-LASERJET-M4555-MFP-CE503A-262x300.jpg\" alt=\"\" width=\"262\" height=\"300\" srcset=\"https:\/\/printerphoenix.com\/wp-content\/uploads\/2020\/11\/HP-LASERJET-M4555-MFP-CE503A-262x300.jpg 262w, https:\/\/printerphoenix.com\/wp-content\/uploads\/2020\/11\/HP-LASERJET-M4555-MFP-CE503A.jpg 288w\" sizes=\"auto, (max-width: 262px) 100vw, 262px\" \/><p id=\"caption-attachment-1100\" class=\"wp-caption-text\">HP LASERJET M4555 MFP &#8211; CE503A<\/p><\/div>\n<p>&nbsp;<\/p>\n<table border=\"0\" width=\"100%\" cellspacing=\"3\" cellpadding=\"3\">\n<tbody>\n<tr valign=\"top\" bgcolor=\"f6f6f6\">\n<td colspan=\"2\">\n<h2>\u00a0Caracter\u00edsticas Impresora HP LASERJET M4555 MFP &#8211; (CE503A)<\/h2>\n<\/td>\n<\/tr>\n<tr valign=\"top\">\n<td bgcolor=\"#E8F1D1\" width=\"29%\">Velocidad de impresi\u00f3n Modo borrador, negro, color<\/td>\n<td bgcolor=\"f6f6f6\" width=\"71%\">Hasta 52 ppm<\/td>\n<\/tr>\n<tr valign=\"top\">\n<td bgcolor=\"#E8F1D1\">Salida de primera p\u00e1gina impresa, negro, color<\/td>\n<td bgcolor=\"f6f6f6\">Menos de 9.5 segundos<\/td>\n<\/tr>\n<tr valign=\"top\">\n<td bgcolor=\"#E8F1D1\">Modo resoluci\u00f3n de impresi\u00f3n \u00f3ptimo, negro<\/td>\n<td bgcolor=\"f6f6f6\">Negro: Hasta 1200 x 1200 ppp<\/td>\n<\/tr>\n<tr valign=\"top\">\n<td bgcolor=\"#E8F1D1\">Capacidad de entrada est\u00e1ndar<\/td>\n<td bgcolor=\"f6f6f6\">Hasta 600 hojas<br \/>\nBandeja multiprop\u00f3sito de 100 hojas, bandeja de papel de 500 hojas<\/td>\n<\/tr>\n<\/tbody>\n<tbody>\n<tr valign=\"top\">\n<td bgcolor=\"#E8F1D1\" width=\"29%\">Volumen mensual recomendado<\/td>\n<td bgcolor=\"f6f6f6\" width=\"71%\">De 5.000 a 20.000 p\u00e1ginas<\/td>\n<\/tr>\n<\/tbody>\n<tbody>\n<tr valign=\"top\">\n<td bgcolor=\"#E8F1D1\" width=\"29%\">Impresi\u00f3n a doble cara<\/td>\n<td bgcolor=\"f6f6f6\" width=\"71%\">Autom\u00e1tica<\/td>\n<\/tr>\n<\/tbody>\n<tbody>\n<tr valign=\"top\">\n<td bgcolor=\"#E8F1D1\" width=\"29%\">Conectividad<\/td>\n<td bgcolor=\"f6f6f6\" width=\"71%\">Puerto USB 2.0 de alta velocidad, servidor de impresi\u00f3n incorporado HP Jetdirect\u00a0\u00a0(Gigabit Ethernet incorporado)<\/td>\n<\/tr>\n<\/tbody>\n<tbody>\n<tr valign=\"top\">\n<td bgcolor=\"#E8F1D1\" width=\"29%\">Memoria est\u00e1ndar<\/td>\n<td bgcolor=\"f6f6f6\" width=\"71%\">1280 MB. (No ampliable)<\/td>\n<\/tr>\n<tr valign=\"top\">\n<td bgcolor=\"#E8F1D1\">Dimensiones est\u00e1ndar<br \/>\n(anch. x prof. x alt.)<\/td>\n<td bgcolor=\"f6f6f6\">790 x 510 x 570 mm<\/td>\n<\/tr>\n<tr valign=\"top\">\n<td bgcolor=\"#E8F1D1\">Peso del producto<\/td>\n<td bgcolor=\"f6f6f6\">52.5 kg<\/td>\n<\/tr>\n<\/tbody>\n<\/table>\n<p>Servicio de Asistencia: Si lo desea usted puede contratar la instalaci\u00f3n de la impresora por 46\u20ac + IVA\u00a0 (*Desplazamiento incluido)<\/p>\n<p><strong>*<\/strong>\u00a0Cobertura en todo el\u00a0territorio nacional, contamos con m\u00e1s 50 centros de Servicio de Asistencia T\u00e9cnica lo que nos permite una r\u00e1pida respuesta<\/p>\n","protected":false},"excerpt":{"rendered":"<p>Impresora HP LASERJET M4555 MFP &#8211; (CE503A) Las Impresoras Impresora HP LASERJET M4555 MFP &#8211; (CE503A) Remanufacturadas de Printer Phoenix, son totalmente revisadas por nuestro servicio t\u00e9cnico y\u00a0 analizadas con el test de procedimientos de calidad, \u00a0garant\u00eda de 6 meses o infinita por contarto de suministro de toners. Acceso al software y los controladores m\u00e1s recientes de la\u00a0Impresora: Impresora HP [&hellip;]<\/p>\n","protected":false},"featured_media":1100,"template":"","meta":[],"product_brand":[],"product_cat":[116],"product_tag":[118,124],"class_list":{"0":"post-1141","1":"product","2":"type-product","3":"status-publish","4":"has-post-thumbnail","6":"product_cat-impresoras","7":"product_tag-impresoras-2a-mano","8":"product_tag-impresoras-de-ocasion","10":"first","11":"instock","12":"sold-individually","13":"taxable","14":"shipping-taxable","15":"purchasable","16":"product-type-variable"},"_links":{"self":[{"href":"https:\/\/printerphoenix.com\/en\/wp-json\/wp\/v2\/product\/1141","targetHints":{"allow":["GET"]}}],"collection":[{"href":"https:\/\/printerphoenix.com\/en\/wp-json\/wp\/v2\/product"}],"about":[{"href":"https:\/\/printerphoenix.com\/en\/wp-json\/wp\/v2\/types\/product"}],"wp:featuredmedia":[{"embeddable":true,"href":"https:\/\/printerphoenix.com\/en\/wp-json\/wp\/v2\/media\/1100"}],"wp:attachment":[{"href":"https:\/\/printerphoenix.com\/en\/wp-json\/wp\/v2\/media?parent=1141"}],"wp:term":[{"taxonomy":"product_brand","embeddable":true,"href":"https:\/\/printerphoenix.com\/en\/wp-json\/wp\/v2\/product_brand?post=1141"},{"taxonomy":"product_cat","embeddable":true,"href":"https:\/\/printerphoenix.com\/en\/wp-json\/wp\/v2\/product_cat?post=1141"},{"taxonomy":"product_tag","embeddable":true,"href":"https:\/\/printerphoenix.com\/en\/wp-json\/wp\/v2\/product_tag?post=1141"}],"curies":[{"name":"wp","href":"https:\/\/api.w.org\/{rel}","templated":true}]}}