{"id":117,"date":"2017-06-27T09:46:13","date_gmt":"2017-06-27T09:46:13","guid":{"rendered":"https:\/\/printerphoenix.com\/?post_type=product&#038;p=117"},"modified":"2021-02-02T19:07:47","modified_gmt":"2021-02-02T19:07:47","slug":"fuser-laserjet-enterprise-cp4025dn4025n","status":"publish","type":"product","link":"https:\/\/printerphoenix.com\/en\/tienda\/fuser-laserjet-enterprise-cp4025dn4025n\/","title":{"rendered":"Fusor HP CE247A LaserJet Color CP4025\/4525\/M651 Series"},"content":{"rendered":"<p>Referencia del Fabricante: CE247A<\/p>\n<p><strong>Tipo:<\/strong>\u00a0Remanufacturado<br \/>\n<strong>Garant\u00eda:<\/strong>\u00a06 meses<br \/>\n<strong>Vida \u00fatil:<\/strong>\u00a0\u00a0+\/- 150.000 copias ( 5% Cobertura)<br \/>\n<strong>Plazo de entrega:<\/strong>\u00a024\/48 hora<br \/>\n<strong>Instalaci\u00f3n*:<\/strong>\u00a0Mano de Obra y desplazamineto 46\u20ac (Si se requiere).<br \/>\n<strong>Portes**:\u00a0<\/strong>Transporte de envi\u00f3 y recolecta incluido en el precio del fusor si nos devuelve la carcasa usada en el mismo eco-embalaje del envi\u00f3.<\/p>\n<p><strong>*<\/strong>\u00a0Cobertura en todo el\u00a0territorio nacional, contamos con m\u00e1s 50 centros de Servicio de Asistencia T\u00e9cnica lo que nos permite una r\u00e1pida respuesta<\/p>\n<p><strong>**<\/strong>Para m\u00e1s informaci\u00f3n:\u00a0<em><strong>Consultar m\u00e9todos de envi\u00f3<\/strong>.\u00a0<\/em><\/p>\n<p>CE247A Fusor 220v para impresoras HP LaserJet CP4025, CP4025N, CP4025DN, \u00a0\/ \u00a0CP4525, CP4525DN, CP4525XH \/ CP4550MFP \/ HP Color Laserjet Enterprise M651, M651N, M651DN, M651XH, \/ HP Color Laserjet Enterprise MFP M680, M680Z, M680N, M680DN<\/p>\n<p><img loading=\"lazy\" decoding=\"async\" class=\"alignnone size-medium wp-image-120\" src=\"https:\/\/printerphoenix.com\/wp-content\/uploads\/2017\/06\/HP-Laserjet-Enterprise-4025-300x225.png\" alt=\"\" width=\"300\" height=\"225\" srcset=\"https:\/\/printerphoenix.com\/wp-content\/uploads\/2017\/06\/HP-Laserjet-Enterprise-4025-300x225.png 300w, https:\/\/printerphoenix.com\/wp-content\/uploads\/2017\/06\/HP-Laserjet-Enterprise-4025.png 573w\" sizes=\"auto, (max-width: 300px) 100vw, 300px\" \/><\/p>\n<p>&nbsp;<\/p>\n","protected":false},"excerpt":{"rendered":"<p>Referencia del Fabricante: CE247A Tipo:\u00a0Remanufacturado Garant\u00eda:\u00a06 meses Vida \u00fatil:\u00a0\u00a0+\/- 150.000 copias ( 5% Cobertura) Plazo de entrega:\u00a024\/48 hora Instalaci\u00f3n*:\u00a0Mano de Obra y desplazamineto 46\u20ac (Si se requiere). Portes**:\u00a0Transporte de envi\u00f3 y recolecta incluido en el precio del fusor si nos devuelve la carcasa usada en el mismo eco-embalaje del envi\u00f3. *\u00a0Cobertura en todo el\u00a0territorio nacional, contamos con m\u00e1s 50 centros [&hellip;]<\/p>\n","protected":false},"featured_media":710,"template":"","meta":[],"product_brand":[],"product_cat":[15,16],"product_tag":[164,23,19,20,21],"class_list":{"0":"post-117","1":"product","2":"type-product","3":"status-publish","4":"has-post-thumbnail","6":"product_cat-fusores","7":"product_cat-hp","8":"product_tag-ce247a","9":"product_tag-color","10":"product_tag-fusor","11":"product_tag-hp","12":"product_tag-laserjet","14":"first","15":"onbackorder","16":"taxable","17":"shipping-taxable","18":"purchasable","19":"product-type-simple"},"_links":{"self":[{"href":"https:\/\/printerphoenix.com\/en\/wp-json\/wp\/v2\/product\/117","targetHints":{"allow":["GET"]}}],"collection":[{"href":"https:\/\/printerphoenix.com\/en\/wp-json\/wp\/v2\/product"}],"about":[{"href":"https:\/\/printerphoenix.com\/en\/wp-json\/wp\/v2\/types\/product"}],"wp:featuredmedia":[{"embeddable":true,"href":"https:\/\/printerphoenix.com\/en\/wp-json\/wp\/v2\/media\/710"}],"wp:attachment":[{"href":"https:\/\/printerphoenix.com\/en\/wp-json\/wp\/v2\/media?parent=117"}],"wp:term":[{"taxonomy":"product_brand","embeddable":true,"href":"https:\/\/printerphoenix.com\/en\/wp-json\/wp\/v2\/product_brand?post=117"},{"taxonomy":"product_cat","embeddable":true,"href":"https:\/\/printerphoenix.com\/en\/wp-json\/wp\/v2\/product_cat?post=117"},{"taxonomy":"product_tag","embeddable":true,"href":"https:\/\/printerphoenix.com\/en\/wp-json\/wp\/v2\/product_tag?post=117"}],"curies":[{"name":"wp","href":"https:\/\/api.w.org\/{rel}","templated":true}]}}