{"id":134,"date":"2017-06-27T10:22:10","date_gmt":"2017-06-27T10:22:10","guid":{"rendered":"https:\/\/printerphoenix.com\/?post_type=product&#038;p=134"},"modified":"2025-05-27T15:47:25","modified_gmt":"2025-05-27T15:47:25","slug":"fuser-laserjet-4300","status":"publish","type":"product","link":"https:\/\/printerphoenix.com\/en\/tienda\/fuser-laserjet-4300\/","title":{"rendered":"Fusor RM1-0102 HP LaserJet 4300"},"content":{"rendered":"<p>Referencia del Fabricante:\u00a0RM1-0102<\/p>\n<p><strong>Tipo:<\/strong>\u00a0Remanufacturado<br \/>\n<strong>Garant\u00eda:<\/strong>\u00a06 meses<br \/>\n<strong>Vida \u00fatil:<\/strong>\u00a0\u00a0+\/- 200.000 copias ( 5% Cobertura)<br \/>\n<strong>Plazo de entrega:<\/strong>\u00a024\/48 hora<br \/>\n<strong>Instalaci\u00f3n*:<\/strong>\u00a0Mano de Obra y desplazamineto 46\u20ac (Si se requiere).<br \/>\n<strong>Portes**:\u00a0<\/strong>Transporte de envi\u00f3 y recolecta incluido en el precio del fusor si nos devuelve la carcasa usada en el mismo eco-embalaje del envi\u00f3.<\/p>\n<p><strong>*<\/strong>\u00a0Cobertura en todo el\u00a0territorio nacional, contamos con m\u00e1s 50 centros de Servicio de Asistencia T\u00e9cnica lo que nos permite una r\u00e1pida respuesta<\/p>\n<p><strong>**<\/strong>Para m\u00e1s informaci\u00f3n consultar: <em><a href=\"https:\/\/printerphoenix.com\/metodos-de-envio\/\"><strong>M\u00e9todos de envi\u00f3 y retorno<\/strong>.<\/a>\u00a0<\/em><\/p>\n<p>RM1-0102 Fusor 220v para impresoras HP LaserJet 4300 , 4300N, 4300TN, 4300DTN, 4300DTNSL<\/p>\n<p><img loading=\"lazy\" decoding=\"async\" class=\"alignnone size-full wp-image-136\" src=\"https:\/\/printerphoenix.com\/wp-content\/uploads\/2017\/06\/Laserjet-4300.jpg\" alt=\"\" width=\"220\" height=\"220\" srcset=\"https:\/\/printerphoenix.com\/wp-content\/uploads\/2017\/06\/Laserjet-4300.jpg 220w, https:\/\/printerphoenix.com\/wp-content\/uploads\/2017\/06\/Laserjet-4300-150x150.jpg 150w, https:\/\/printerphoenix.com\/wp-content\/uploads\/2017\/06\/Laserjet-4300-180x180.jpg 180w\" sizes=\"auto, (max-width: 220px) 100vw, 220px\" \/><\/p>\n<p>&nbsp;<\/p>\n","protected":false},"excerpt":{"rendered":"<p>Referencia del Fabricante:\u00a0RM1-0102 Tipo:\u00a0Remanufacturado Garant\u00eda:\u00a06 meses Vida \u00fatil:\u00a0\u00a0+\/- 200.000 copias ( 5% Cobertura) Plazo de entrega:\u00a024\/48 hora Instalaci\u00f3n*:\u00a0Mano de Obra y desplazamineto 46\u20ac (Si se requiere). Portes**:\u00a0Transporte de envi\u00f3 y recolecta incluido en el precio del fusor si nos devuelve la carcasa usada en el mismo eco-embalaje del envi\u00f3. *\u00a0Cobertura en todo el\u00a0territorio nacional, contamos con m\u00e1s 50 centros de [&hellip;]<\/p>\n","protected":false},"featured_media":135,"template":"","meta":[],"product_brand":[],"product_cat":[15,16],"product_tag":[19,20,21,41],"class_list":{"0":"post-134","1":"product","2":"type-product","3":"status-publish","4":"has-post-thumbnail","6":"product_cat-fusores","7":"product_cat-hp","8":"product_tag-fusor","9":"product_tag-hp","10":"product_tag-laserjet","11":"product_tag-rm1-0102-000","13":"first","14":"instock","15":"taxable","16":"shipping-taxable","17":"purchasable","18":"product-type-simple"},"_links":{"self":[{"href":"https:\/\/printerphoenix.com\/en\/wp-json\/wp\/v2\/product\/134","targetHints":{"allow":["GET"]}}],"collection":[{"href":"https:\/\/printerphoenix.com\/en\/wp-json\/wp\/v2\/product"}],"about":[{"href":"https:\/\/printerphoenix.com\/en\/wp-json\/wp\/v2\/types\/product"}],"wp:featuredmedia":[{"embeddable":true,"href":"https:\/\/printerphoenix.com\/en\/wp-json\/wp\/v2\/media\/135"}],"wp:attachment":[{"href":"https:\/\/printerphoenix.com\/en\/wp-json\/wp\/v2\/media?parent=134"}],"wp:term":[{"taxonomy":"product_brand","embeddable":true,"href":"https:\/\/printerphoenix.com\/en\/wp-json\/wp\/v2\/product_brand?post=134"},{"taxonomy":"product_cat","embeddable":true,"href":"https:\/\/printerphoenix.com\/en\/wp-json\/wp\/v2\/product_cat?post=134"},{"taxonomy":"product_tag","embeddable":true,"href":"https:\/\/printerphoenix.com\/en\/wp-json\/wp\/v2\/product_tag?post=134"}],"curies":[{"name":"wp","href":"https:\/\/api.w.org\/{rel}","templated":true}]}}