{"id":171,"date":"2017-07-02T20:23:19","date_gmt":"2017-07-02T20:23:19","guid":{"rendered":"https:\/\/printerphoenix.com\/?post_type=product&#038;p=171"},"modified":"2018-02-19T12:43:29","modified_gmt":"2018-02-19T12:43:29","slug":"fusor-lexmark-t650652654656x651652654656658","status":"publish","type":"product","link":"https:\/\/printerphoenix.com\/en\/tienda\/fusor-lexmark-t650652654656x651652654656658\/","title":{"rendered":"Fusor Lexmark 40X1871 &#8211; T650\/652\/654\/656\/X651\/652\/654\/656\/658"},"content":{"rendered":"<p>Referencia del Fabricante: 40X1871<\/p>\n<p><strong>Tipo:<\/strong>\u00a0Remanufacturado<br \/>\n<strong>Garant\u00eda:<\/strong>\u00a06 meses<br \/>\n<strong>Vida \u00fatil:<\/strong>\u00a0\u00a0+\/- 300.000 copias ( 5% Cobertura)<br \/>\n<strong>Plazo de entrega:<\/strong>\u00a024\/48 hora<br \/>\n<strong>Instalaci\u00f3n*:<\/strong>\u00a0Mano de Obra y desplazamineto 46\u20ac (Si se requiere).<br \/>\n<strong>Portes**:\u00a0<\/strong>Transporte de envi\u00f3 y recolecta incluido en el precio del fusor si nos devuelve la carcasa usada en el mismo eco-embalaje del envi\u00f3.<\/p>\n<p><strong>*<\/strong>\u00a0Cobertura en todo el\u00a0territorio nacional, contamos con m\u00e1s 50 centros de Servicio de Asistencia T\u00e9cnica lo que nos permite una r\u00e1pida respuesta<\/p>\n<p><strong>**<\/strong>Para m\u00e1s informaci\u00f3n consultar: <em><a href=\"https:\/\/printerphoenix.com\/metodos-de-envio\/\"><strong>M\u00e9todos de envi\u00f3 y retorno<\/strong>.<\/a>\u00a0<\/em><\/p>\n<p>40X1871 Fusor 220v para impresoras Lexmark T650 \/ T652 \/ T654 \/ T656 \/ X651 \/ X652 \/ X654 \/ X656 \/ X658<\/p>\n<p><img loading=\"lazy\" decoding=\"async\" class=\"alignnone size-medium wp-image-172\" src=\"https:\/\/printerphoenix.com\/wp-content\/uploads\/2017\/07\/Lexmark-T650-300x271.png\" alt=\"\" width=\"300\" height=\"271\" srcset=\"https:\/\/printerphoenix.com\/wp-content\/uploads\/2017\/07\/Lexmark-T650-300x271.png 300w, https:\/\/printerphoenix.com\/wp-content\/uploads\/2017\/07\/Lexmark-T650.png 483w\" sizes=\"auto, (max-width: 300px) 100vw, 300px\" \/><\/p>\n<p>&nbsp;<\/p>\n","protected":false},"excerpt":{"rendered":"<p>Fusor (40X2590) Lexmark T640\/T642\/T644<\/p>\n","protected":false},"featured_media":173,"template":"","meta":[],"product_brand":[],"product_cat":[15,18],"product_tag":[40,19,24],"class_list":{"0":"post-171","1":"product","2":"type-product","3":"status-publish","4":"has-post-thumbnail","6":"product_cat-fusores","7":"product_cat-lexmark","8":"product_tag-40x1871","9":"product_tag-fusor","10":"product_tag-lexmark","12":"first","13":"instock","14":"taxable","15":"shipping-taxable","16":"purchasable","17":"product-type-simple"},"_links":{"self":[{"href":"https:\/\/printerphoenix.com\/en\/wp-json\/wp\/v2\/product\/171","targetHints":{"allow":["GET"]}}],"collection":[{"href":"https:\/\/printerphoenix.com\/en\/wp-json\/wp\/v2\/product"}],"about":[{"href":"https:\/\/printerphoenix.com\/en\/wp-json\/wp\/v2\/types\/product"}],"wp:featuredmedia":[{"embeddable":true,"href":"https:\/\/printerphoenix.com\/en\/wp-json\/wp\/v2\/media\/173"}],"wp:attachment":[{"href":"https:\/\/printerphoenix.com\/en\/wp-json\/wp\/v2\/media?parent=171"}],"wp:term":[{"taxonomy":"product_brand","embeddable":true,"href":"https:\/\/printerphoenix.com\/en\/wp-json\/wp\/v2\/product_brand?post=171"},{"taxonomy":"product_cat","embeddable":true,"href":"https:\/\/printerphoenix.com\/en\/wp-json\/wp\/v2\/product_cat?post=171"},{"taxonomy":"product_tag","embeddable":true,"href":"https:\/\/printerphoenix.com\/en\/wp-json\/wp\/v2\/product_tag?post=171"}],"curies":[{"name":"wp","href":"https:\/\/api.w.org\/{rel}","templated":true}]}}