{"id":174,"date":"2017-07-02T20:32:11","date_gmt":"2017-07-02T20:32:11","guid":{"rendered":"https:\/\/printerphoenix.com\/?post_type=product&#038;p=174"},"modified":"2017-11-02T11:53:44","modified_gmt":"2017-11-02T11:53:44","slug":"fuser-hp-color-laserjet-enterprise-m855m880-series","status":"publish","type":"product","link":"https:\/\/printerphoenix.com\/en\/tienda\/fuser-hp-color-laserjet-enterprise-m855m880-series\/","title":{"rendered":"Fuser HP Color LaserJet Enterprise M855\/M880 Series"},"content":{"rendered":"<p>Referencia del Fabricante:\u00a0C1N58A<\/p>\n<p><strong>Tipo:<\/strong>\u00a0Remanufacturado<br \/>\n<strong>Garant\u00eda:<\/strong>\u00a06 meses<br \/>\n<strong>Vida \u00fatil:<\/strong>\u00a0\u00a0+\/- 100.000 copias ( 5% Cobertura)<br \/>\n<strong>Plazo de entrega:<\/strong>\u00a024\/48 hora<br \/>\n<strong>Instalaci\u00f3n*:<\/strong>\u00a0Mano de Obra y desplazamineto 46\u20ac (Si se requiere).<br \/>\n<strong>Portes**:\u00a0<\/strong>Transporte de envi\u00f3 y recolecta incluido en el precio del fusor si nos devuelve la carcasa usada en el mismo eco-embalaje del envi\u00f3.<\/p>\n<p><strong>*<\/strong>\u00a0Cobertura en todo el\u00a0territorio nacional, contamos con m\u00e1s 50 centros de Servicio de Asistencia T\u00e9cnica lo que nos permite una r\u00e1pida respuesta<\/p>\n<p><strong>**<\/strong>Para m\u00e1s informaci\u00f3n consultar: <em><a href=\"https:\/\/printerphoenix.com\/metodos-de-envio\/\"><strong>M\u00e9todos de envi\u00f3 y retorno<\/strong>.<\/a>\u00a0<\/em><\/p>\n<p>Fusor 220v para impresoras HP Color LaserJet Enterprise M855, M855DN , 855XH, M855X+ \/ M880, M880Z, M880Z+<\/p>\n<p><img loading=\"lazy\" decoding=\"async\" class=\"alignnone size-medium wp-image-175\" src=\"https:\/\/printerphoenix.com\/wp-content\/uploads\/2017\/07\/HP-M880-225x300.png\" alt=\"\" width=\"225\" height=\"300\" srcset=\"https:\/\/printerphoenix.com\/wp-content\/uploads\/2017\/07\/HP-M880-225x300.png 225w, https:\/\/printerphoenix.com\/wp-content\/uploads\/2017\/07\/HP-M880.png 344w\" sizes=\"auto, (max-width: 225px) 100vw, 225px\" \/><\/p>\n<p>*\u00a0V\u00e1lido para Pen\u00ednsula y Baleares.<\/p>\n","protected":false},"excerpt":{"rendered":"<p><img loading=\"lazy\" decoding=\"async\" class=\"alignnone size-full wp-image-382\" src=\"https:\/\/printerphoenix.com\/wp-content\/uploads\/2017\/07\/HP.png\" alt=\"\" width=\"196\" height=\"183\" \/><\/p>\n","protected":false},"featured_media":176,"template":"","meta":[],"product_brand":[],"product_cat":[15,16],"product_tag":[23,19,20,21],"class_list":{"0":"post-174","1":"product","2":"type-product","3":"status-publish","4":"has-post-thumbnail","6":"product_cat-fusores","7":"product_cat-hp","8":"product_tag-color","9":"product_tag-fusor","10":"product_tag-hp","11":"product_tag-laserjet","13":"first","14":"instock","15":"taxable","16":"shipping-taxable","17":"purchasable","18":"product-type-simple"},"_links":{"self":[{"href":"https:\/\/printerphoenix.com\/en\/wp-json\/wp\/v2\/product\/174","targetHints":{"allow":["GET"]}}],"collection":[{"href":"https:\/\/printerphoenix.com\/en\/wp-json\/wp\/v2\/product"}],"about":[{"href":"https:\/\/printerphoenix.com\/en\/wp-json\/wp\/v2\/types\/product"}],"wp:featuredmedia":[{"embeddable":true,"href":"https:\/\/printerphoenix.com\/en\/wp-json\/wp\/v2\/media\/176"}],"wp:attachment":[{"href":"https:\/\/printerphoenix.com\/en\/wp-json\/wp\/v2\/media?parent=174"}],"wp:term":[{"taxonomy":"product_brand","embeddable":true,"href":"https:\/\/printerphoenix.com\/en\/wp-json\/wp\/v2\/product_brand?post=174"},{"taxonomy":"product_cat","embeddable":true,"href":"https:\/\/printerphoenix.com\/en\/wp-json\/wp\/v2\/product_cat?post=174"},{"taxonomy":"product_tag","embeddable":true,"href":"https:\/\/printerphoenix.com\/en\/wp-json\/wp\/v2\/product_tag?post=174"}],"curies":[{"name":"wp","href":"https:\/\/api.w.org\/{rel}","templated":true}]}}