{"id":422,"date":"2017-10-18T09:23:12","date_gmt":"2017-10-18T09:23:12","guid":{"rendered":"https:\/\/printerphoenix.com\/?post_type=product&#038;p=422"},"modified":"2018-04-11T11:36:57","modified_gmt":"2018-04-11T11:36:57","slug":"kit-rodillos-alimentacion-laserjet-m806","status":"publish","type":"product","link":"https:\/\/printerphoenix.com\/en\/tienda\/kit-rodillos-alimentacion-laserjet-m806\/","title":{"rendered":"KIT de Rodillos de alimentaci\u00f3n HP Laserjet M806"},"content":{"rendered":"<h2>KIT de Rodillos de alimentaci\u00f3n HP Laserjet M806<\/h2>\n<p>Consta de las siguientes referencias:<\/p>\n<p># RF5-3338-CLN &#8211; Pickup Roller (4 Unidades)<br \/>\n# RM1-0037-CLN &#8211; Pickup Roller (4 Unidades)<br \/>\n# RF5-3340-000 &#8211; Roller Pick-up (2 Unidades)<br \/>\n# RM1-9738-TR &#8211; Transfer Roller (Solo Rodillo)<\/p>\n<p class=\"product-name\">Tienes problemas a la hora de que la impresora te coja el papel ? Atascos continuos ? Te entran dos o mas paginas de golpe ? o lo contrario y no te carga el papel ? .<\/p>\n<p class=\"product-name\">Todo esto es debido al desgaste de las rodillos ya que cada vez que se imprime una hoja esta ejerce una fricci\u00f3n por la rozadura del papel con estos componentes que hacen efecto de lija, con este KIT de Rodillos de alimentaci\u00f3n tendr\u00e1s tu maquina al d\u00eda por muy poco coste.<\/p>\n<h1 class=\"product-name\"><\/h1>\n<p>&nbsp;<\/p>\n","protected":false},"excerpt":{"rendered":"<p>KIT de Rodillos de alimentaci\u00f3n HP Laserjet M806 Consta de las siguientes referencias: # RF5-3338-CLN &#8211; Pickup Roller (4 Unidades) # RM1-0037-CLN &#8211; Pickup Roller (4 Unidades) # RF5-3340-000 &#8211; Roller Pick-up (2 Unidades) # RM1-9738-TR &#8211; Transfer Roller (Solo Rodillo) Tienes problemas a la hora de que la impresora te coja el papel ? Atascos continuos ? Te entran [&hellip;]<\/p>\n","protected":false},"featured_media":507,"template":"","meta":[],"product_brand":[],"product_cat":[28],"product_tag":[50,51,53,52,54],"class_list":{"0":"post-422","1":"product","2":"type-product","3":"status-publish","4":"has-post-thumbnail","6":"product_cat-kit-de-rodillos","7":"product_tag-kit-de-rodillos-m806","8":"product_tag-rf5-3338-cln","9":"product_tag-rf5-3340-000","10":"product_tag-rm1-0037-cln","11":"product_tag-rm1-9738-tr","13":"first","14":"instock","15":"sale","16":"sold-individually","17":"taxable","18":"shipping-taxable","19":"purchasable","20":"product-type-simple"},"_links":{"self":[{"href":"https:\/\/printerphoenix.com\/en\/wp-json\/wp\/v2\/product\/422","targetHints":{"allow":["GET"]}}],"collection":[{"href":"https:\/\/printerphoenix.com\/en\/wp-json\/wp\/v2\/product"}],"about":[{"href":"https:\/\/printerphoenix.com\/en\/wp-json\/wp\/v2\/types\/product"}],"wp:featuredmedia":[{"embeddable":true,"href":"https:\/\/printerphoenix.com\/en\/wp-json\/wp\/v2\/media\/507"}],"wp:attachment":[{"href":"https:\/\/printerphoenix.com\/en\/wp-json\/wp\/v2\/media?parent=422"}],"wp:term":[{"taxonomy":"product_brand","embeddable":true,"href":"https:\/\/printerphoenix.com\/en\/wp-json\/wp\/v2\/product_brand?post=422"},{"taxonomy":"product_cat","embeddable":true,"href":"https:\/\/printerphoenix.com\/en\/wp-json\/wp\/v2\/product_cat?post=422"},{"taxonomy":"product_tag","embeddable":true,"href":"https:\/\/printerphoenix.com\/en\/wp-json\/wp\/v2\/product_tag?post=422"}],"curies":[{"name":"wp","href":"https:\/\/api.w.org\/{rel}","templated":true}]}}