{"id":424,"date":"2017-10-18T09:48:26","date_gmt":"2017-10-18T09:48:26","guid":{"rendered":"https:\/\/printerphoenix.com\/?post_type=product&#038;p=424"},"modified":"2018-04-11T11:03:03","modified_gmt":"2018-04-11T11:03:03","slug":"kit-rodillos-alimentacion-hp-laserjet-4200-4300","status":"publish","type":"product","link":"https:\/\/printerphoenix.com\/en\/tienda\/kit-rodillos-alimentacion-hp-laserjet-4200-4300\/","title":{"rendered":"KIT de Rodillos de alimentaci\u00f3n HP Laserjet 4200 \/ 4300"},"content":{"rendered":"<h2>KIT de Rodillos de alimentaci\u00f3n HP Laserjet 4200 \/ 4300<\/h2>\n<p>Consta de las siguientes referencias:<\/p>\n<p># RM1-0037-000 &#8211; Precision Roller (4 Unidades)<br \/>\n# RM1-0036-CLN &#8211; Pickup Roller (2 Unidades)<br \/>\n# RL1-0019-000 -Pickup Roller Tray 1<br \/>\n# RL1-0007-000 &#8211; Separation Pad &#8211; Tray 1<br \/>\n# RM1-0699-000 &#8211; Transfer Roller<\/p>\n<p class=\"product-name\">Tienes problemas a la hora de que la impresora te coja el papel ? Atascos continuos ? Te entran dos o mas paginas de golpe ? o lo contrario y no te carga el papel ? .<\/p>\n<p class=\"product-name\">Todo esto es debido al desgaste de las rodillos ya que cada vez que se imprime una hoja esta ejerce una fricci\u00f3n por la rozadura del papel con estos componentes que hacen efecto de lija, con este KIT de Rodillos de alimentaci\u00f3n tendr\u00e1s tu maquina al d\u00eda por muy poco coste.<\/p>\n<h1 class=\"product-name\"><\/h1>\n<p>&nbsp;<\/p>\n","protected":false},"excerpt":{"rendered":"<p>KIT de Rodillos de alimentaci\u00f3n HP Laserjet 4200 \/ 4300 Consta de las siguientes referencias: # RM1-0037-000 &#8211; Precision Roller (4 Unidades) # RM1-0036-CLN &#8211; Pickup Roller (2 Unidades) # RL1-0019-000 -Pickup Roller Tray 1 # RL1-0007-000 &#8211; Separation Pad &#8211; Tray 1 # RM1-0699-000 &#8211; Transfer Roller Tienes problemas a la hora de que la impresora te coja el [&hellip;]<\/p>\n","protected":false},"featured_media":503,"template":"","meta":[],"product_brand":[],"product_cat":[28],"product_tag":[68,67,69,66,71,70,62,63,72],"class_list":{"0":"post-424","1":"product","2":"type-product","3":"status-publish","4":"has-post-thumbnail","6":"product_cat-kit-de-rodillos","7":"product_tag-kit-de-rodillos-hp-4250","8":"product_tag-kit-de-rodillos-hp-4300","9":"product_tag-kit-de-rodillos-hp-4350","10":"product_tag-kit-de-rodillos-hp4200","11":"product_tag-rl1-0007-000","12":"product_tag-rl1-0019-000","13":"product_tag-rm1-0036-cln","14":"product_tag-rm1-0037-000","15":"product_tag-rm1-0699-000","17":"first","18":"instock","19":"sold-individually","20":"taxable","21":"shipping-taxable","22":"purchasable","23":"product-type-simple"},"_links":{"self":[{"href":"https:\/\/printerphoenix.com\/en\/wp-json\/wp\/v2\/product\/424","targetHints":{"allow":["GET"]}}],"collection":[{"href":"https:\/\/printerphoenix.com\/en\/wp-json\/wp\/v2\/product"}],"about":[{"href":"https:\/\/printerphoenix.com\/en\/wp-json\/wp\/v2\/types\/product"}],"wp:featuredmedia":[{"embeddable":true,"href":"https:\/\/printerphoenix.com\/en\/wp-json\/wp\/v2\/media\/503"}],"wp:attachment":[{"href":"https:\/\/printerphoenix.com\/en\/wp-json\/wp\/v2\/media?parent=424"}],"wp:term":[{"taxonomy":"product_brand","embeddable":true,"href":"https:\/\/printerphoenix.com\/en\/wp-json\/wp\/v2\/product_brand?post=424"},{"taxonomy":"product_cat","embeddable":true,"href":"https:\/\/printerphoenix.com\/en\/wp-json\/wp\/v2\/product_cat?post=424"},{"taxonomy":"product_tag","embeddable":true,"href":"https:\/\/printerphoenix.com\/en\/wp-json\/wp\/v2\/product_tag?post=424"}],"curies":[{"name":"wp","href":"https:\/\/api.w.org\/{rel}","templated":true}]}}