{"id":425,"date":"2017-10-18T09:57:47","date_gmt":"2017-10-18T09:57:47","guid":{"rendered":"https:\/\/printerphoenix.com\/?post_type=product&#038;p=425"},"modified":"2021-04-26T08:00:02","modified_gmt":"2021-04-26T08:00:02","slug":"kit-rodillos-alimentacion-lexmark-t640-series","status":"publish","type":"product","link":"https:\/\/printerphoenix.com\/en\/tienda\/kit-rodillos-alimentacion-lexmark-t640-series\/","title":{"rendered":"KIT de Rodillos de alimentaci\u00f3n Lexmark T640 Series"},"content":{"rendered":"<h2>KIT de Rodillos de alimentaci\u00f3n Lexmark T640 Series<\/h2>\n<p>Consta de las siguientes referencias:<\/p>\n<p># 40X0130 &#8211; Transfer Roller W\/Gear<br \/>\n# 40X0127 &#8211; Charge Roller Asembly<br \/>\n# 99A0070 &#8211; Paper Pick-up Roller (6 Unidades)<\/p>\n<p>Tienes problemas a la hora de que la impresora te coja el papel ? Atascos continuos ? Te entran dos o mas paginas de golpe ? o lo contrario y no te carga el papel ? .<\/p>\n<p class=\"product-name\">Todo esto es debido al desgaste de las rodillos ya que cada vez que se imprime una hoja esta ejerce una fricci\u00f3n por la rozadura del papel con estos componentes que hacen efecto de lija, con este KIT de Rodillos de alimentaci\u00f3n tendr\u00e1s tu maquina al d\u00eda por muy poco coste.<\/p>\n<h1 class=\"product-name\"><\/h1>\n<p>&nbsp;<\/p>\n","protected":false},"excerpt":{"rendered":"<p>KIT de Rodillos de alimentaci\u00f3n Lexmark T640 Series Consta de las siguientes referencias: # 40X0130 &#8211; Transfer Roller W\/Gear # 40X0127 &#8211; Charge Roller Asembly # 99A0070 &#8211; Paper Pick-up Roller (6 Unidades) Tienes problemas a la hora de que la impresora te coja el papel ? Atascos continuos ? Te entran dos o mas paginas de golpe ? o [&hellip;]<\/p>\n","protected":false},"featured_media":497,"template":"","meta":[],"product_brand":[],"product_cat":[28],"product_tag":[80,79,81,74,75,76,78,77],"class_list":{"0":"post-425","1":"product","2":"type-product","3":"status-publish","4":"has-post-thumbnail","6":"product_cat-kit-de-rodillos","7":"product_tag-40x0127","8":"product_tag-40x0130","9":"product_tag-99a0070","10":"product_tag-kit-de-rodillos-lexmark-t640","11":"product_tag-kit-de-rodillos-lexmark-t642","12":"product_tag-kit-de-rodillos-lexmark-t644","13":"product_tag-kit-de-rodillos-lexmark-t646","14":"product_tag-kit-de-rodillos-lexmark-x642","16":"first","17":"instock","18":"sold-individually","19":"taxable","20":"shipping-taxable","21":"purchasable","22":"product-type-simple"},"_links":{"self":[{"href":"https:\/\/printerphoenix.com\/en\/wp-json\/wp\/v2\/product\/425","targetHints":{"allow":["GET"]}}],"collection":[{"href":"https:\/\/printerphoenix.com\/en\/wp-json\/wp\/v2\/product"}],"about":[{"href":"https:\/\/printerphoenix.com\/en\/wp-json\/wp\/v2\/types\/product"}],"wp:featuredmedia":[{"embeddable":true,"href":"https:\/\/printerphoenix.com\/en\/wp-json\/wp\/v2\/media\/497"}],"wp:attachment":[{"href":"https:\/\/printerphoenix.com\/en\/wp-json\/wp\/v2\/media?parent=425"}],"wp:term":[{"taxonomy":"product_brand","embeddable":true,"href":"https:\/\/printerphoenix.com\/en\/wp-json\/wp\/v2\/product_brand?post=425"},{"taxonomy":"product_cat","embeddable":true,"href":"https:\/\/printerphoenix.com\/en\/wp-json\/wp\/v2\/product_cat?post=425"},{"taxonomy":"product_tag","embeddable":true,"href":"https:\/\/printerphoenix.com\/en\/wp-json\/wp\/v2\/product_tag?post=425"}],"curies":[{"name":"wp","href":"https:\/\/api.w.org\/{rel}","templated":true}]}}