{"id":426,"date":"2017-10-18T10:09:53","date_gmt":"2017-10-18T10:09:53","guid":{"rendered":"https:\/\/printerphoenix.com\/?post_type=product&#038;p=426"},"modified":"2018-11-05T13:03:58","modified_gmt":"2018-11-05T13:03:58","slug":"kit-rodillos-alimentacion-lexmark-t650-series","status":"publish","type":"product","link":"https:\/\/printerphoenix.com\/en\/tienda\/kit-rodillos-alimentacion-lexmark-t650-series\/","title":{"rendered":"KIT de Rodillos de alimentaci\u00f3n Lexmark T650 Series"},"content":{"rendered":"<h2>KIT de Rodillos de alimentaci\u00f3n Lexmark T650 Series<\/h2>\n<p>Consta de las siguientes referencias:<\/p>\n<p># 40X4308 &#8211;\u00a0Paper Pick-up Roller (6 Unidades)<br \/>\n# 40X1886 &#8211; Transfer Roller<br \/>\n# 40X0127 &#8211; 40X5852 Dual Charge Roll Unit<\/p>\n<p>Tienes problemas a la hora de que la impresora te coja el papel ? Atascos continuos ? Te entran dos o mas paginas de golpe ? o lo contrario y no te carga el papel ? .<\/p>\n<p class=\"product-name\">Todo esto es debido al desgaste de las rodillos ya que cada vez que se imprime una hoja esta ejerce una fricci\u00f3n por la rozadura del papel con estos componentes que hacen efecto de lija, con este KIT de Rodillos de alimentaci\u00f3n tendr\u00e1s tu maquina al d\u00eda por muy poco coste.<\/p>\n<h1 class=\"product-name\"><\/h1>\n<p>&nbsp;<\/p>\n","protected":false},"excerpt":{"rendered":"<p>KIT de Rodillos de alimentaci\u00f3n Lexmark T650 Series Consta de las siguientes referencias: # 40X4308 &#8211;\u00a0Paper Pick-up Roller (6 Unidades) # 40X1886 &#8211; Transfer Roller # 40X0127 &#8211; 40X5852 Dual Charge Roll Unit Tienes problemas a la hora de que la impresora te coja el papel ? Atascos continuos ? Te entran dos o mas paginas de golpe ? o [&hellip;]<\/p>\n","protected":false},"featured_media":496,"template":"","meta":[],"product_brand":[],"product_cat":[28],"product_tag":[80,79,81,74,75,76,78,77],"class_list":{"0":"post-426","1":"product","2":"type-product","3":"status-publish","4":"has-post-thumbnail","6":"product_cat-kit-de-rodillos","7":"product_tag-40x0127","8":"product_tag-40x0130","9":"product_tag-99a0070","10":"product_tag-kit-de-rodillos-lexmark-t640","11":"product_tag-kit-de-rodillos-lexmark-t642","12":"product_tag-kit-de-rodillos-lexmark-t644","13":"product_tag-kit-de-rodillos-lexmark-t646","14":"product_tag-kit-de-rodillos-lexmark-x642","16":"first","17":"instock","18":"sale","19":"sold-individually","20":"taxable","21":"shipping-taxable","22":"purchasable","23":"product-type-simple"},"_links":{"self":[{"href":"https:\/\/printerphoenix.com\/en\/wp-json\/wp\/v2\/product\/426","targetHints":{"allow":["GET"]}}],"collection":[{"href":"https:\/\/printerphoenix.com\/en\/wp-json\/wp\/v2\/product"}],"about":[{"href":"https:\/\/printerphoenix.com\/en\/wp-json\/wp\/v2\/types\/product"}],"wp:featuredmedia":[{"embeddable":true,"href":"https:\/\/printerphoenix.com\/en\/wp-json\/wp\/v2\/media\/496"}],"wp:attachment":[{"href":"https:\/\/printerphoenix.com\/en\/wp-json\/wp\/v2\/media?parent=426"}],"wp:term":[{"taxonomy":"product_brand","embeddable":true,"href":"https:\/\/printerphoenix.com\/en\/wp-json\/wp\/v2\/product_brand?post=426"},{"taxonomy":"product_cat","embeddable":true,"href":"https:\/\/printerphoenix.com\/en\/wp-json\/wp\/v2\/product_cat?post=426"},{"taxonomy":"product_tag","embeddable":true,"href":"https:\/\/printerphoenix.com\/en\/wp-json\/wp\/v2\/product_tag?post=426"}],"curies":[{"name":"wp","href":"https:\/\/api.w.org\/{rel}","templated":true}]}}