{"id":519,"date":"2017-11-02T11:57:01","date_gmt":"2017-11-02T11:57:01","guid":{"rendered":"https:\/\/printerphoenix.com\/?post_type=product&#038;p=519"},"modified":"2018-11-05T13:01:23","modified_gmt":"2018-11-05T13:01:23","slug":"kit-rodillos-alimentacion-lexmark-ms310","status":"publish","type":"product","link":"https:\/\/printerphoenix.com\/en\/tienda\/kit-rodillos-alimentacion-lexmark-ms310\/","title":{"rendered":"KIT Rodillos alimentaci\u00f3n Lexmark MS310"},"content":{"rendered":"<h2>KIT Rodillos alimentaci\u00f3n Lexmark MS310<\/h2>\n<p>Consta de las siguientes referencias:<\/p>\n<p># 40X8297 &#8211; Tire set Pickup Roller<br \/>\n# 40X8295 &#8211; Separation Pad Kit<br \/>\n# 40X1322 &#8211; Transfer Roller<\/p>\n<p>Tienes problemas a la hora de que la impresora te coja el papel ? Atascos continuos ? Te entran dos o mas paginas de golpe ? o lo contrario y no te carga el papel ? .<\/p>\n<p class=\"product-name\">Todo esto es debido al desgaste de las rodillos ya que cada vez que se imprime una hoja esta ejerce una fricci\u00f3n por la rozadura del papel con estos componentes que hacen efecto de lija, con este KIT de Rodillos de alimentaci\u00f3n tendr\u00e1s tu maquina al d\u00eda por muy poco coste.<\/p>\n<h1 class=\"product-name\"><\/h1>\n<p>&nbsp;<\/p>\n","protected":false},"excerpt":{"rendered":"<p>KIT Rodillos alimentaci\u00f3n Lexmark MS310 Consta de las siguientes referencias: # 40X8297 &#8211; Tire set Pickup Roller # 40X8295 &#8211; Separation Pad Kit # 40X1322 &#8211; Transfer Roller Tienes problemas a la hora de que la impresora te coja el papel ? Atascos continuos ? Te entran dos o mas paginas de golpe ? o lo contrario y no te [&hellip;]<\/p>\n","protected":false},"featured_media":522,"template":"","meta":[],"product_brand":[],"product_cat":[28],"product_tag":[102,100,101,99,24],"class_list":{"0":"post-519","1":"product","2":"type-product","3":"status-publish","4":"has-post-thumbnail","6":"product_cat-kit-de-rodillos","7":"product_tag-40x1322","8":"product_tag-40x8097","9":"product_tag-40x8295","10":"product_tag-kit-de-rodillos-mx310","11":"product_tag-lexmark","13":"first","14":"instock","15":"sale","16":"sold-individually","17":"taxable","18":"shipping-taxable","19":"purchasable","20":"product-type-simple"},"_links":{"self":[{"href":"https:\/\/printerphoenix.com\/en\/wp-json\/wp\/v2\/product\/519","targetHints":{"allow":["GET"]}}],"collection":[{"href":"https:\/\/printerphoenix.com\/en\/wp-json\/wp\/v2\/product"}],"about":[{"href":"https:\/\/printerphoenix.com\/en\/wp-json\/wp\/v2\/types\/product"}],"wp:featuredmedia":[{"embeddable":true,"href":"https:\/\/printerphoenix.com\/en\/wp-json\/wp\/v2\/media\/522"}],"wp:attachment":[{"href":"https:\/\/printerphoenix.com\/en\/wp-json\/wp\/v2\/media?parent=519"}],"wp:term":[{"taxonomy":"product_brand","embeddable":true,"href":"https:\/\/printerphoenix.com\/en\/wp-json\/wp\/v2\/product_brand?post=519"},{"taxonomy":"product_cat","embeddable":true,"href":"https:\/\/printerphoenix.com\/en\/wp-json\/wp\/v2\/product_cat?post=519"},{"taxonomy":"product_tag","embeddable":true,"href":"https:\/\/printerphoenix.com\/en\/wp-json\/wp\/v2\/product_tag?post=519"}],"curies":[{"name":"wp","href":"https:\/\/api.w.org\/{rel}","templated":true}]}}