{"id":554,"date":"2017-11-14T10:37:55","date_gmt":"2017-11-14T10:37:55","guid":{"rendered":"https:\/\/printerphoenix.com\/?post_type=product&#038;p=554"},"modified":"2022-11-14T16:11:44","modified_gmt":"2022-11-14T16:11:44","slug":"fusor-lexmark-ms310ms410ms510ms610-series","status":"publish","type":"product","link":"https:\/\/printerphoenix.com\/en\/tienda\/fusor-lexmark-ms310ms410ms510ms610-series\/","title":{"rendered":"Fusor Lexmark 40X8024 &#8211; MS310\/MS410\/MS510\/MS610 Series"},"content":{"rendered":"<p>Referencia del Fabricante: 40X8024<\/p>\n<p><strong>Tipo:<\/strong>\u00a0Remanufacturado<br \/>\n<strong>Garant\u00eda:<\/strong>\u00a06 meses<br \/>\n<strong>Vida \u00fatil:<\/strong>\u00a0\u00a0+\/- 100.000 copias ( 5% Cobertura)<br \/>\n<strong>Plazo de entrega:<\/strong>\u00a024\/48 hora<br \/>\n<strong>Instalaci\u00f3n*:<\/strong>\u00a0Mano de Obra y desplazamineto 46\u20ac (Si se requiere).<br \/>\n<strong>Portes**:\u00a0<\/strong>Transporte de envi\u00f3 y recolecta incluido en el precio del fusor si nos devuelve la carcasa usada en el mismo eco-embalaje del envi\u00f3.<\/p>\n<p><strong>*<\/strong>\u00a0Cobertura en todo el\u00a0territorio nacional, contamos con m\u00e1s 50 centros de Servicio de Asistencia T\u00e9cnica lo que nos permite una r\u00e1pida respuesta<\/p>\n<p><strong>**<\/strong>Para m\u00e1s informaci\u00f3n consultar: <em><a href=\"https:\/\/printerphoenix.com\/metodos-de-envio\/\"><strong>M\u00e9todos de envi\u00f3 y retorno<\/strong>.<\/a>\u00a0<\/em><\/p>\n<p>Fusor 220v para impresoras Lexmark:\u00a0 MS310D \/ MS310DN \/ MX310XDN \/ MS312DN \/ MS315DN\/ MS410DN \/ M410DE \/ MS410D \/ MS510DN \/ MX510DE \/ MX511DE \/ MX511DTEX \/ MS610DE \/\u00a0 MS610DN \/ MS610DTE \/ MX610DE \/ MS610DTN \/ MX611DE\/\/ MX611DTE \/\u00a0MX611DHE \/ M1140 \/ M1140+ \/ M1145 \/ M3150 \/\u00a0M3150DN<\/p>\n<p><img loading=\"lazy\" decoding=\"async\" class=\" wp-image-556 alignleft\" src=\"https:\/\/printerphoenix.com\/wp-content\/uploads\/2017\/11\/Lexmark-MS410.jpg\" alt=\"\" width=\"284\" height=\"284\" srcset=\"https:\/\/printerphoenix.com\/wp-content\/uploads\/2017\/11\/Lexmark-MS410.jpg 300w, https:\/\/printerphoenix.com\/wp-content\/uploads\/2017\/11\/Lexmark-MS410-150x150.jpg 150w, https:\/\/printerphoenix.com\/wp-content\/uploads\/2017\/11\/Lexmark-MS410-180x180.jpg 180w, https:\/\/printerphoenix.com\/wp-content\/uploads\/2017\/11\/Lexmark-MS410-480x480.jpg 480w, https:\/\/printerphoenix.com\/wp-content\/uploads\/2017\/11\/Lexmark-MS410-44x44.jpg 44w\" sizes=\"auto, (max-width: 284px) 100vw, 284px\" \/><\/p>\n<p>&nbsp;<\/p>\n","protected":false},"excerpt":{"rendered":"<p>Fusor (40X2590) Lexmark T640\/T642\/T644<\/p>\n","protected":false},"featured_media":555,"template":"","meta":[],"product_brand":[],"product_cat":[15,18],"product_tag":[107,19,24],"class_list":{"0":"post-554","1":"product","2":"type-product","3":"status-publish","4":"has-post-thumbnail","6":"product_cat-fusores","7":"product_cat-lexmark","8":"product_tag-40x8024","9":"product_tag-fusor","10":"product_tag-lexmark","12":"first","13":"onbackorder","14":"taxable","15":"shipping-taxable","16":"purchasable","17":"product-type-simple"},"_links":{"self":[{"href":"https:\/\/printerphoenix.com\/en\/wp-json\/wp\/v2\/product\/554","targetHints":{"allow":["GET"]}}],"collection":[{"href":"https:\/\/printerphoenix.com\/en\/wp-json\/wp\/v2\/product"}],"about":[{"href":"https:\/\/printerphoenix.com\/en\/wp-json\/wp\/v2\/types\/product"}],"wp:featuredmedia":[{"embeddable":true,"href":"https:\/\/printerphoenix.com\/en\/wp-json\/wp\/v2\/media\/555"}],"wp:attachment":[{"href":"https:\/\/printerphoenix.com\/en\/wp-json\/wp\/v2\/media?parent=554"}],"wp:term":[{"taxonomy":"product_brand","embeddable":true,"href":"https:\/\/printerphoenix.com\/en\/wp-json\/wp\/v2\/product_brand?post=554"},{"taxonomy":"product_cat","embeddable":true,"href":"https:\/\/printerphoenix.com\/en\/wp-json\/wp\/v2\/product_cat?post=554"},{"taxonomy":"product_tag","embeddable":true,"href":"https:\/\/printerphoenix.com\/en\/wp-json\/wp\/v2\/product_tag?post=554"}],"curies":[{"name":"wp","href":"https:\/\/api.w.org\/{rel}","templated":true}]}}