{"id":612,"date":"2018-01-08T11:08:31","date_gmt":"2018-01-08T11:08:31","guid":{"rendered":"https:\/\/printerphoenix.com\/?post_type=product&#038;p=612"},"modified":"2018-01-08T11:33:15","modified_gmt":"2018-01-08T11:33:15","slug":"impresora-hp-laserjet-500-color-m551","status":"publish","type":"product","link":"https:\/\/printerphoenix.com\/en\/tienda\/impresora-hp-laserjet-500-color-m551\/","title":{"rendered":"Impresora HP Laserjet 500 Color M551"},"content":{"rendered":"<h1>Impresora HP Laserjet 500 Color M551<\/h1>\n<p>Las Impresoras\u00a0HP Laserjet 500 Color M551 Remanufacturada de Printer Phoenix, son totalmente revisadas por nuestro servicio t\u00e9cnico y\u00a0 analizadas con el <a href=\"https:\/\/printerphoenix.com\/impresoras-remanufacturadas-printer-phoenix\/\">test de procedimientos de calidad<\/a>, \u00a0garant\u00eda de 6 meses.<\/p>\n<p>Acceso al software y los controladores m\u00e1s recientes de la\u00a0Impresora<em>:<strong>\u00a0<\/strong><\/em><strong><a href=\"https:\/\/support.hp.com\/es-es\/drivers\/selfservice\/hp-laserjet-enterprise-500-color-printer-m551-series\/4184772\"><em><strong>HP Laserjet 500 Color M551<\/strong><\/em><\/a><\/strong><\/p>\n<div id=\"attachment_613\" style=\"width: 265px\" class=\"wp-caption aligncenter\"><img loading=\"lazy\" decoding=\"async\" aria-describedby=\"caption-attachment-613\" class=\" wp-image-613\" src=\"https:\/\/printerphoenix.com\/wp-content\/uploads\/2018\/01\/Impresora-HP-Laserjet-500-Color-M551-300x225.jpg\" alt=\"\" width=\"255\" height=\"191\" srcset=\"https:\/\/printerphoenix.com\/wp-content\/uploads\/2018\/01\/Impresora-HP-Laserjet-500-Color-M551-300x225.jpg 300w, https:\/\/printerphoenix.com\/wp-content\/uploads\/2018\/01\/Impresora-HP-Laserjet-500-Color-M551.jpg 600w, https:\/\/printerphoenix.com\/wp-content\/uploads\/2018\/01\/Impresora-HP-Laserjet-500-Color-M551-480x360.jpg 480w\" sizes=\"auto, (max-width: 255px) 100vw, 255px\" \/><p id=\"caption-attachment-613\" class=\"wp-caption-text\">Impresora HP Laserjet 500 Color M551<\/p><\/div>\n<p>&nbsp;<\/p>\n<table border=\"0\" width=\"100%\" cellspacing=\"3\" cellpadding=\"3\">\n<tbody>\n<tr valign=\"top\" bgcolor=\"f6f6f6\">\n<td colspan=\"2\">\n<h2>\u00a0Caracter\u00edsticas\u00a0Impresora HP Laserjet 500 Color M551<\/h2>\n<\/td>\n<\/tr>\n<tr valign=\"top\">\n<td bgcolor=\"#E8F1D1\" width=\"29%\">Velocidad de impresi\u00f3n Modo borrador, negro, color<\/td>\n<td bgcolor=\"f6f6f6\" width=\"71%\">Hasta 32 ppm<\/td>\n<\/tr>\n<tr valign=\"top\">\n<td bgcolor=\"#E8F1D1\">Salida de primera p\u00e1gina impresa, negro, color<\/td>\n<td bgcolor=\"f6f6f6\">Menos de 11 segundos<\/td>\n<\/tr>\n<tr valign=\"top\">\n<td bgcolor=\"#E8F1D1\">Modo resoluci\u00f3n de impresi\u00f3n \u00f3ptimo, negro<\/td>\n<td bgcolor=\"f6f6f6\">Hasta 1200 x 1200 dpi<\/td>\n<\/tr>\n<tr valign=\"top\">\n<td bgcolor=\"#E8F1D1\">Capacidad de entrada est\u00e1ndar<\/td>\n<td bgcolor=\"f6f6f6\">Hasta 600 hojas<br \/>\nBandeja multiprop\u00f3sito de 100 hojas, bandeja de papel de 500 hojas 2<\/td>\n<\/tr>\n<\/tbody>\n<tbody>\n<tr valign=\"top\">\n<td bgcolor=\"#E8F1D1\" width=\"29%\">Volumen mensual recomendado<\/td>\n<td bgcolor=\"f6f6f6\" width=\"71%\">De 1.500 a 5.000 p\u00e1ginas<\/td>\n<\/tr>\n<\/tbody>\n<tbody>\n<tr valign=\"top\">\n<td bgcolor=\"#E8F1D1\" width=\"29%\">Impresi\u00f3n a doble cara<\/td>\n<td bgcolor=\"f6f6f6\" width=\"71%\">Autom\u00e1tica<\/td>\n<\/tr>\n<\/tbody>\n<tbody>\n<tr valign=\"top\">\n<td bgcolor=\"#E8F1D1\" width=\"29%\">Conectividad<\/td>\n<td bgcolor=\"f6f6f6\" width=\"71%\">Puerto USB 2.0 de alta velocidad, servidor de impresi\u00f3n incorporado HP Jetdirect\u00a0\u00a0(Gigabit Ethernet incorporado)<\/td>\n<\/tr>\n<\/tbody>\n<tbody>\n<tr valign=\"top\">\n<td bgcolor=\"#E8F1D1\" width=\"29%\">Memoria est\u00e1ndar<\/td>\n<td bgcolor=\"f6f6f6\" width=\"71%\">1024 MB<\/td>\n<\/tr>\n<tr valign=\"top\">\n<td bgcolor=\"#E8F1D1\">Dimensiones est\u00e1ndar<br \/>\n(anch. x prof. x alt.)<\/td>\n<td bgcolor=\"f6f6f6\">514 x 491 x 402 mm<\/td>\n<\/tr>\n<tr valign=\"top\">\n<td bgcolor=\"#E8F1D1\">Peso del producto<\/td>\n<td bgcolor=\"f6f6f6\">34,6 kg<\/td>\n<\/tr>\n<\/tbody>\n<\/table>\n<p>Servicio de Asistencia: Si lo desea usted puede contratar la instalaci\u00f3n de la impresora por 46\u20ac + IVA\u00a0 (*Desplazamiento incluido)<\/p>\n<p><strong>*<\/strong>\u00a0Cobertura en todo el\u00a0territorio nacional, contamos con m\u00e1s 50 centros de Servicio de Asistencia T\u00e9cnica lo que nos permite una r\u00e1pida respuesta<\/p>\n","protected":false},"excerpt":{"rendered":"<p>Impresora HP Laserjet 500 Color M551 Las Impresoras\u00a0HP Laserjet 500 Color M551 Remanufacturada de Printer Phoenix, son totalmente revisadas por nuestro servicio t\u00e9cnico y\u00a0 analizadas con el test de procedimientos de calidad, \u00a0garant\u00eda de 6 meses. Acceso al software y los controladores m\u00e1s recientes de la\u00a0Impresora:\u00a0HP Laserjet 500 Color M551 &nbsp; \u00a0Caracter\u00edsticas\u00a0Impresora HP Laserjet 500 Color M551 Velocidad de impresi\u00f3n [&hellip;]<\/p>\n","protected":false},"featured_media":613,"template":"","meta":[],"product_brand":[],"product_cat":[116],"product_tag":[123,122,118,124],"class_list":{"0":"post-612","1":"product","2":"type-product","3":"status-publish","4":"has-post-thumbnail","6":"product_cat-impresoras","7":"product_tag-impresora-color","8":"product_tag-impresora-hp-laserjer-500-color","9":"product_tag-impresoras-2a-mano","10":"product_tag-impresoras-de-ocasion","12":"first","13":"instock","14":"taxable","15":"shipping-taxable","16":"purchasable","17":"product-type-simple"},"_links":{"self":[{"href":"https:\/\/printerphoenix.com\/en\/wp-json\/wp\/v2\/product\/612","targetHints":{"allow":["GET"]}}],"collection":[{"href":"https:\/\/printerphoenix.com\/en\/wp-json\/wp\/v2\/product"}],"about":[{"href":"https:\/\/printerphoenix.com\/en\/wp-json\/wp\/v2\/types\/product"}],"wp:featuredmedia":[{"embeddable":true,"href":"https:\/\/printerphoenix.com\/en\/wp-json\/wp\/v2\/media\/613"}],"wp:attachment":[{"href":"https:\/\/printerphoenix.com\/en\/wp-json\/wp\/v2\/media?parent=612"}],"wp:term":[{"taxonomy":"product_brand","embeddable":true,"href":"https:\/\/printerphoenix.com\/en\/wp-json\/wp\/v2\/product_brand?post=612"},{"taxonomy":"product_cat","embeddable":true,"href":"https:\/\/printerphoenix.com\/en\/wp-json\/wp\/v2\/product_cat?post=612"},{"taxonomy":"product_tag","embeddable":true,"href":"https:\/\/printerphoenix.com\/en\/wp-json\/wp\/v2\/product_tag?post=612"}],"curies":[{"name":"wp","href":"https:\/\/api.w.org\/{rel}","templated":true}]}}