{"id":663,"date":"2018-02-26T09:41:54","date_gmt":"2018-02-26T09:41:54","guid":{"rendered":"https:\/\/printerphoenix.com\/?post_type=product&#038;p=663"},"modified":"2020-11-25T11:39:22","modified_gmt":"2020-11-25T11:39:22","slug":"fusor-rm2-6342-hp-laserjet-enterprise-m604m605m606-series","status":"publish","type":"product","link":"https:\/\/printerphoenix.com\/en\/tienda\/fusor-rm2-6342-hp-laserjet-enterprise-m604m605m606-series\/","title":{"rendered":"Fusor RM2-6342 HP LaserJet Enterprise M604\/M605\/M606 Series"},"content":{"rendered":"<p style=\"text-align: left\">Referencia del Fabricante: RM2-6342 \/ ESB67-67902<\/p>\n<p style=\"text-align: left\"><strong>Tipo:<\/strong>\u00a0Remanufacturado<br \/>\n<strong>Garant\u00eda:<\/strong>\u00a06 meses<br \/>\n<strong>Vida \u00fatil:<\/strong>\u00a0\u00a0+\/- 100.000 copias ( 5% Cobertura)<br \/>\n<strong>Plazo de entrega:<\/strong>\u00a024\/48 hora<br \/>\n<strong>Instalaci\u00f3n*:<\/strong>\u00a0Mano de Obra y desplazamineto 46\u20ac (Si se requiere).<br \/>\n<strong>Portes**:\u00a0<\/strong>Transporte de envi\u00f3 y recolecta incluido en el precio del fusor si nos devuelve la carcasa usada en el mismo eco-embalaje del envi\u00f3.<\/p>\n<p style=\"text-align: left\">* Cobertura en todo el\u00a0territorio nacional, contamos con m\u00e1s 50 centros de Servicio de Asistencia T\u00e9cnica lo que nos permite una r\u00e1pida respuesta<\/p>\n<p style=\"text-align: left\">**Para m\u00e1s informaci\u00f3n consultar:\u00a0<a href=\"https:\/\/printerphoenix.com\/metodos-de-envio\/\"><em><strong>m\u00e9todos de envi\u00f3 y retorno<\/strong><\/em><\/a><\/p>\n<p>RM2-6342 Fusor 220v para impresoras HP LaserJet Enterprise M604, M604N, M604DN \/ M605, M605N, M605DN, M605X \/ M606, M606DN<\/p>\n<p><img loading=\"lazy\" decoding=\"async\" class=\"alignnone size-medium wp-image-108\" src=\"https:\/\/printerphoenix.com\/wp-content\/uploads\/2017\/06\/Laserjet-Enterprise-600-300x225.jpg\" alt=\"\" width=\"300\" height=\"225\" \/><\/p>\n<p>&nbsp;<\/p>\n","protected":false},"excerpt":{"rendered":"<p>Referencia del Fabricante: RM2-6342 \/ ESB67-67902 Tipo:\u00a0Remanufacturado Garant\u00eda:\u00a06 meses Vida \u00fatil:\u00a0\u00a0+\/- 100.000 copias ( 5% Cobertura) Plazo de entrega:\u00a024\/48 hora Instalaci\u00f3n*:\u00a0Mano de Obra y desplazamineto 46\u20ac (Si se requiere). Portes**:\u00a0Transporte de envi\u00f3 y recolecta incluido en el precio del fusor si nos devuelve la carcasa usada en el mismo eco-embalaje del envi\u00f3. * Cobertura en todo el\u00a0territorio nacional, contamos con [&hellip;]<\/p>\n","protected":false},"featured_media":107,"template":"","meta":[],"product_brand":[],"product_cat":[15,16],"product_tag":[136,19,20,21,175],"class_list":{"0":"post-663","1":"product","2":"type-product","3":"status-publish","4":"has-post-thumbnail","6":"product_cat-fusores","7":"product_cat-hp","8":"product_tag-esb67-67902","9":"product_tag-fusor","10":"product_tag-hp","11":"product_tag-laserjet","12":"product_tag-rm2-6342","14":"first","15":"instock","16":"taxable","17":"shipping-taxable","18":"purchasable","19":"product-type-simple"},"_links":{"self":[{"href":"https:\/\/printerphoenix.com\/en\/wp-json\/wp\/v2\/product\/663","targetHints":{"allow":["GET"]}}],"collection":[{"href":"https:\/\/printerphoenix.com\/en\/wp-json\/wp\/v2\/product"}],"about":[{"href":"https:\/\/printerphoenix.com\/en\/wp-json\/wp\/v2\/types\/product"}],"wp:featuredmedia":[{"embeddable":true,"href":"https:\/\/printerphoenix.com\/en\/wp-json\/wp\/v2\/media\/107"}],"wp:attachment":[{"href":"https:\/\/printerphoenix.com\/en\/wp-json\/wp\/v2\/media?parent=663"}],"wp:term":[{"taxonomy":"product_brand","embeddable":true,"href":"https:\/\/printerphoenix.com\/en\/wp-json\/wp\/v2\/product_brand?post=663"},{"taxonomy":"product_cat","embeddable":true,"href":"https:\/\/printerphoenix.com\/en\/wp-json\/wp\/v2\/product_cat?post=663"},{"taxonomy":"product_tag","embeddable":true,"href":"https:\/\/printerphoenix.com\/en\/wp-json\/wp\/v2\/product_tag?post=663"}],"curies":[{"name":"wp","href":"https:\/\/api.w.org\/{rel}","templated":true}]}}