{"id":664,"date":"2018-03-01T12:00:25","date_gmt":"2018-03-01T12:00:25","guid":{"rendered":"https:\/\/printerphoenix.com\/?post_type=product&#038;p=664"},"modified":"2018-03-23T11:19:24","modified_gmt":"2018-03-23T11:19:24","slug":"fuser-rm1-4209-hp-laserjet-p1505p1505n","status":"publish","type":"product","link":"https:\/\/printerphoenix.com\/en\/tienda\/fuser-rm1-4209-hp-laserjet-p1505p1505n\/","title":{"rendered":"Fusor RM1-4209 HP Laserjet P1505\/P1505N"},"content":{"rendered":"<p>Referencia del Fabricante: RM1-4209<\/p>\n<p><strong>Tipo:<\/strong>\u00a0Remanufacturado<br \/>\n<strong>Garant\u00eda:<\/strong>\u00a06 meses<br \/>\n<strong>Vida \u00fatil:<\/strong>\u00a0\u00a0+\/- 100.000 copias ( 5% Cobertura)<br \/>\n<strong>Plazo de entrega:<\/strong>\u00a024\/48 hora<br \/>\n<strong>Instalaci\u00f3n*:<\/strong>\u00a0Mano de Obra y desplazamineto 46\u20ac (Si se requiere).<br \/>\n<strong>Portes**:\u00a0<\/strong>Transporte de envi\u00f3 y recolecta incluido en el precio del fusor si nos devuelve la carcasa usada en el mismo eco-embalaje del envi\u00f3.<\/p>\n<p><strong>*<\/strong>\u00a0Cobertura en todo el\u00a0territorio nacional, contamos con m\u00e1s 50 centros de Servicio de Asistencia T\u00e9cnica lo que nos permite una r\u00e1pida respuesta<\/p>\n<p><strong>**<\/strong>Para m\u00e1s informaci\u00f3n: <em><a href=\"https:\/\/printerphoenix.com\/metodos-de-envio\/\"><strong>M\u00e9todos de envi\u00f3 y retorno<\/strong>.<\/a>\u00a0<\/em><\/p>\n<p>RM1-4209 Fusor 220v para impresoras HP LaserJet P1505\/P1505N<\/p>\n<p><img loading=\"lazy\" decoding=\"async\" class=\" wp-image-667 alignleft\" src=\"https:\/\/printerphoenix.com\/wp-content\/uploads\/2018\/03\/HP-Laserjet-P1505-300x236.jpg\" alt=\"\" width=\"281\" height=\"221\" srcset=\"https:\/\/printerphoenix.com\/wp-content\/uploads\/2018\/03\/HP-Laserjet-P1505-300x236.jpg 300w, https:\/\/printerphoenix.com\/wp-content\/uploads\/2018\/03\/HP-Laserjet-P1505-768x604.jpg 768w, https:\/\/printerphoenix.com\/wp-content\/uploads\/2018\/03\/HP-Laserjet-P1505-672x529.jpg 672w, https:\/\/printerphoenix.com\/wp-content\/uploads\/2018\/03\/HP-Laserjet-P1505.jpg 816w\" sizes=\"auto, (max-width: 281px) 100vw, 281px\" \/><\/p>\n<p>&nbsp;<\/p>\n","protected":false},"excerpt":{"rendered":"<p>Referencia del Fabricante: RM1-4209 Tipo:\u00a0Remanufacturado Garant\u00eda:\u00a06 meses Vida \u00fatil:\u00a0\u00a0+\/- 100.000 copias ( 5% Cobertura) Plazo de entrega:\u00a024\/48 hora Instalaci\u00f3n*:\u00a0Mano de Obra y desplazamineto 46\u20ac (Si se requiere). Portes**:\u00a0Transporte de envi\u00f3 y recolecta incluido en el precio del fusor si nos devuelve la carcasa usada en el mismo eco-embalaje del envi\u00f3. *\u00a0Cobertura en todo el\u00a0territorio nacional, contamos con m\u00e1s 50 centros [&hellip;]<\/p>\n","protected":false},"featured_media":61,"template":"","meta":[],"product_brand":[],"product_cat":[15,16],"product_tag":[138,137],"class_list":{"0":"post-664","1":"product","2":"type-product","3":"status-publish","4":"has-post-thumbnail","6":"product_cat-fusores","7":"product_cat-hp","8":"product_tag-hp-p1505","9":"product_tag-rm1-4209","11":"first","12":"instock","13":"taxable","14":"shipping-taxable","15":"purchasable","16":"product-type-simple"},"_links":{"self":[{"href":"https:\/\/printerphoenix.com\/en\/wp-json\/wp\/v2\/product\/664","targetHints":{"allow":["GET"]}}],"collection":[{"href":"https:\/\/printerphoenix.com\/en\/wp-json\/wp\/v2\/product"}],"about":[{"href":"https:\/\/printerphoenix.com\/en\/wp-json\/wp\/v2\/types\/product"}],"wp:featuredmedia":[{"embeddable":true,"href":"https:\/\/printerphoenix.com\/en\/wp-json\/wp\/v2\/media\/61"}],"wp:attachment":[{"href":"https:\/\/printerphoenix.com\/en\/wp-json\/wp\/v2\/media?parent=664"}],"wp:term":[{"taxonomy":"product_brand","embeddable":true,"href":"https:\/\/printerphoenix.com\/en\/wp-json\/wp\/v2\/product_brand?post=664"},{"taxonomy":"product_cat","embeddable":true,"href":"https:\/\/printerphoenix.com\/en\/wp-json\/wp\/v2\/product_cat?post=664"},{"taxonomy":"product_tag","embeddable":true,"href":"https:\/\/printerphoenix.com\/en\/wp-json\/wp\/v2\/product_tag?post=664"}],"curies":[{"name":"wp","href":"https:\/\/api.w.org\/{rel}","templated":true}]}}