{"id":671,"date":"2018-03-08T10:00:30","date_gmt":"2018-03-08T10:00:30","guid":{"rendered":"https:\/\/printerphoenix.com\/?post_type=product&#038;p=671"},"modified":"2019-12-04T17:15:04","modified_gmt":"2019-12-04T17:15:04","slug":"roller-kit-40x7706-lexmark-mx710ms810","status":"publish","type":"product","link":"https:\/\/printerphoenix.com\/en\/tienda\/roller-kit-40x7706-lexmark-mx710ms810\/","title":{"rendered":"Roller KIT 40X7706 Lexmark MX710\/MS810"},"content":{"rendered":"<h2>Roller KIT 40&#215;7706 Lexmark MX710\/711\/810\/811\/812\/MS810\/811\/812<\/h2>\n<p>Referencia del Roller KIT: 40&#215;7706<\/p>\n<p>Consta de las siguientes referencias:<\/p>\n<p># 40X7582 &#8211; Transfer Roller W\/Gear (3 Unidades)<br \/>\n# 40X7593 &#8211; Separation Roller Assembly (3 Unidades)<br \/>\n# 40X7582 &#8211; Transfer Roller<\/p>\n<p>Tienes problemas a la hora de que la impresora te coja el papel ? Atascos continuos ? Te entran dos o mas paginas de golpe ? o lo contrario y no te carga el papel ? .<\/p>\n<p class=\"product-name\">Todo esto es debido al desgaste de las rodillos ya que cada vez que se imprime una hoja esta ejerce una fricci\u00f3n por la rozadura del papel con estos componentes que hacen efecto de lija, con este KIT de Rodillos de alimentaci\u00f3n tendr\u00e1s tu maquina al d\u00eda por muy poco coste.<\/p>\n<h1 class=\"product-name\"><\/h1>\n<p>&nbsp;<\/p>\n","protected":false},"excerpt":{"rendered":"<p>Roller KIT 40&#215;7706 Lexmark MX710\/711\/810\/811\/812\/MS810\/811\/812 Referencia del Roller KIT: 40&#215;7706 Consta de las siguientes referencias: # 40X7582 &#8211; Transfer Roller W\/Gear (3 Unidades) # 40X7593 &#8211; Separation Roller Assembly (3 Unidades) # 40X7582 &#8211; Transfer Roller Tienes problemas a la hora de que la impresora te coja el papel ? Atascos continuos ? Te entran dos o mas paginas de [&hellip;]<\/p>\n","protected":false},"featured_media":672,"template":"","meta":[],"product_brand":[],"product_cat":[28],"product_tag":[144,24],"class_list":{"0":"post-671","1":"product","2":"type-product","3":"status-publish","4":"has-post-thumbnail","6":"product_cat-kit-de-rodillos","7":"product_tag-40x7706","8":"product_tag-lexmark","10":"first","11":"instock","12":"sold-individually","13":"taxable","14":"shipping-taxable","15":"purchasable","16":"product-type-simple"},"_links":{"self":[{"href":"https:\/\/printerphoenix.com\/en\/wp-json\/wp\/v2\/product\/671","targetHints":{"allow":["GET"]}}],"collection":[{"href":"https:\/\/printerphoenix.com\/en\/wp-json\/wp\/v2\/product"}],"about":[{"href":"https:\/\/printerphoenix.com\/en\/wp-json\/wp\/v2\/types\/product"}],"wp:featuredmedia":[{"embeddable":true,"href":"https:\/\/printerphoenix.com\/en\/wp-json\/wp\/v2\/media\/672"}],"wp:attachment":[{"href":"https:\/\/printerphoenix.com\/en\/wp-json\/wp\/v2\/media?parent=671"}],"wp:term":[{"taxonomy":"product_brand","embeddable":true,"href":"https:\/\/printerphoenix.com\/en\/wp-json\/wp\/v2\/product_brand?post=671"},{"taxonomy":"product_cat","embeddable":true,"href":"https:\/\/printerphoenix.com\/en\/wp-json\/wp\/v2\/product_cat?post=671"},{"taxonomy":"product_tag","embeddable":true,"href":"https:\/\/printerphoenix.com\/en\/wp-json\/wp\/v2\/product_tag?post=671"}],"curies":[{"name":"wp","href":"https:\/\/api.w.org\/{rel}","templated":true}]}}