{"id":675,"date":"2018-03-08T12:11:42","date_gmt":"2018-03-08T12:11:42","guid":{"rendered":"https:\/\/printerphoenix.com\/?post_type=product&#038;p=675"},"modified":"2018-03-09T13:09:55","modified_gmt":"2018-03-09T13:09:55","slug":"rodillos-alimentacion-jc73-00340a-samsung","status":"publish","type":"product","link":"https:\/\/printerphoenix.com\/en\/tienda\/rodillos-alimentacion-jc73-00340a-samsung\/","title":{"rendered":"Rodillos alimentaci\u00f3n JC73-00340A Samsung"},"content":{"rendered":"<h2>Rodillos alimentaci\u00f3n JC73-00340A Samsung ML3312ND\/3712DW\/3750ND\/SCX4835FR<\/h2>\n<p># JC73-00340A &#8211; Paper Pickup Tire<\/p>\n<p>Valida para m\u00faltiples modelos de impresora Samsung<\/p>\n<table class=\"dataList\" border=\"0\">\n<tbody>\n<tr>\n<td class=\"tabHeader\">Modelos\uff1a<\/td>\n<td><\/td>\n<\/tr>\n<\/tbody>\n<\/table>\n<table class=\"dataList\" border=\"0\">\n<tbody>\n<tr>\n<td class=\"tabHeader\">Samsung\uff1a<\/td>\n<td>ProXpress SL-M4070FR\uff0cProXpress SL-M4070FX<\/td>\n<\/tr>\n<\/tbody>\n<\/table>\n<table class=\"dataList\" border=\"0\">\n<tbody>\n<tr>\n<td class=\"tabHeader\">Samsung\uff1a<\/td>\n<td>SCX4833FD\uff0cSCX4833HD\uff0cSCX4833FR\uff0cSCX4835FD\uff0cSCX4835FR\uff0cSCX5637FR\uff0cSCX5637HR\uff0cSCX5639FR\uff0cSCX5737FW\uff0cSCX5739FW<\/td>\n<\/tr>\n<\/tbody>\n<\/table>\n<table class=\"dataList\" border=\"0\">\n<tbody>\n<tr>\n<td class=\"tabHeader\">Samsung\uff1a<\/td>\n<td>ML3750ND<\/td>\n<\/tr>\n<\/tbody>\n<\/table>\n<table class=\"dataList\" border=\"0\">\n<tbody>\n<tr>\n<td class=\"tabHeader\">Samsung\uff1a<\/td>\n<td>ML3310D\uff0cML3310ND\uff0cML3312D\uff0cML3312ND\uff0cML3710D\uff0cML3710ND\uff0cML3710DW\uff0cML3712D\uff0cML3712ND\uff0cML3712DW<\/td>\n<\/tr>\n<\/tbody>\n<\/table>\n<p>Tienes problemas a la hora de que la impresora te coja el papel ? Atascos continuos ? Te entran dos o mas paginas de golpe ? o lo contrario y no te carga el papel ? .<\/p>\n<p class=\"product-name\">Todo esto es debido al desgaste de las rodillos ya que cada vez que se imprime una hoja esta ejerce una fricci\u00f3n por la rozadura del papel con estos componentes que hacen efecto de lija, con este KIT de Rodillos de alimentaci\u00f3n tendr\u00e1s tu maquina al d\u00eda por muy poco coste.<\/p>\n<h1 class=\"product-name\"><\/h1>\n<p>&nbsp;<\/p>\n","protected":false},"excerpt":{"rendered":"<p>Rodillos alimentaci\u00f3n JC73-00340A Samsung ML3312ND\/3712DW\/3750ND\/SCX4835FR # JC73-00340A &#8211; Paper Pickup Tire Valida para m\u00faltiples modelos de impresora Samsung Modelos\uff1a Samsung\uff1a ProXpress SL-M4070FR\uff0cProXpress SL-M4070FX Samsung\uff1a SCX4833FD\uff0cSCX4833HD\uff0cSCX4833FR\uff0cSCX4835FD\uff0cSCX4835FR\uff0cSCX5637FR\uff0cSCX5637HR\uff0cSCX5639FR\uff0cSCX5737FW\uff0cSCX5739FW Samsung\uff1a ML3750ND Samsung\uff1a ML3310D\uff0cML3310ND\uff0cML3312D\uff0cML3312ND\uff0cML3710D\uff0cML3710ND\uff0cML3710DW\uff0cML3712D\uff0cML3712ND\uff0cML3712DW Tienes problemas a la hora de que la impresora te coja el papel ? Atascos continuos ? Te entran dos o mas paginas de golpe ? o lo contrario y no [&hellip;]<\/p>\n","protected":false},"featured_media":676,"template":"","meta":[],"product_brand":[],"product_cat":[28],"product_tag":[147],"class_list":{"0":"post-675","1":"product","2":"type-product","3":"status-publish","4":"has-post-thumbnail","6":"product_cat-kit-de-rodillos","7":"product_tag-samsung","9":"first","10":"instock","11":"sold-individually","12":"taxable","13":"shipping-taxable","14":"purchasable","15":"product-type-simple"},"_links":{"self":[{"href":"https:\/\/printerphoenix.com\/en\/wp-json\/wp\/v2\/product\/675","targetHints":{"allow":["GET"]}}],"collection":[{"href":"https:\/\/printerphoenix.com\/en\/wp-json\/wp\/v2\/product"}],"about":[{"href":"https:\/\/printerphoenix.com\/en\/wp-json\/wp\/v2\/types\/product"}],"wp:featuredmedia":[{"embeddable":true,"href":"https:\/\/printerphoenix.com\/en\/wp-json\/wp\/v2\/media\/676"}],"wp:attachment":[{"href":"https:\/\/printerphoenix.com\/en\/wp-json\/wp\/v2\/media?parent=675"}],"wp:term":[{"taxonomy":"product_brand","embeddable":true,"href":"https:\/\/printerphoenix.com\/en\/wp-json\/wp\/v2\/product_brand?post=675"},{"taxonomy":"product_cat","embeddable":true,"href":"https:\/\/printerphoenix.com\/en\/wp-json\/wp\/v2\/product_cat?post=675"},{"taxonomy":"product_tag","embeddable":true,"href":"https:\/\/printerphoenix.com\/en\/wp-json\/wp\/v2\/product_tag?post=675"}],"curies":[{"name":"wp","href":"https:\/\/api.w.org\/{rel}","templated":true}]}}