{"id":678,"date":"2018-03-14T11:47:46","date_gmt":"2018-03-14T11:47:46","guid":{"rendered":"https:\/\/printerphoenix.com\/?post_type=product&#038;p=678"},"modified":"2021-03-02T21:10:42","modified_gmt":"2021-03-02T21:10:42","slug":"kit-mantenimiento-ce732a-hp-laserjet-m4555mfp","status":"publish","type":"product","link":"https:\/\/printerphoenix.com\/en\/tienda\/kit-mantenimiento-ce732a-hp-laserjet-m4555mfp\/","title":{"rendered":"KIT Mantenimiento CE732A HP Laserjet M4555MFP"},"content":{"rendered":"<p>Referencia del Fabricante: CE732A<\/p>\n<p>Consta de las siguientes referencias:<\/p>\n<p># RM1-7397 \u2013 Fusor 220V<br \/>\n# RM1-0037-000 \u2013 Pickup Roller (8 Unidades)<br \/>\n# RM1-5462-000 \u2013 Transfer Roller<\/p>\n<p><strong>Tipo:<\/strong>\u00a0Remanufacturado<br \/>\n<strong>Garant\u00eda:<\/strong>\u00a06 meses<br \/>\n<strong>Vida \u00fatil:<\/strong>\u00a0\u00a0+\/- 100.000 copias ( 5% Cobertura)<br \/>\n<strong>Plazo de entrega:<\/strong>\u00a024\/48 hora<br \/>\n<strong>Instalaci\u00f3n*:<\/strong>\u00a0Mano de Obra y desplazamineto 46\u20ac (Si se requiere).<br \/>\n<strong>Portes**:\u00a0<\/strong>Transporte de envi\u00f3 y recolecta incluido en el precio del fusor si nos devuelve la carcasa usada en el mismo eco-embalaje del envi\u00f3.<\/p>\n<p><strong>*<\/strong>\u00a0Cobertura en todo el\u00a0territorio nacional, contamos con m\u00e1s 50 centros de Servicio de Asistencia T\u00e9cnica lo que nos permite una r\u00e1pida respuesta<\/p>\n<p><strong>**<\/strong>Para m\u00e1s informaci\u00f3n: <em><a href=\"https:\/\/printerphoenix.com\/metodos-de-envio\/\"><strong>M\u00e9todos de envi\u00f3 y retorno<\/strong>.<\/a>\u00a0<\/em><\/p>\n<p>CE732A KIT Mantenimiento 220v para impresoras HP LaserJet M4555MFP \/\u00a0M4555H MFP\u00a0\/\u00a0M4555F MFP<\/p>\n<p><img loading=\"lazy\" decoding=\"async\" class=\"aligncenter size-full wp-image-679\" src=\"https:\/\/printerphoenix.com\/wp-content\/uploads\/2018\/03\/impresora-multifunci\u00f3n-hp-laserjet-m4555.jpg\" alt=\"\" width=\"264\" height=\"264\" srcset=\"https:\/\/printerphoenix.com\/wp-content\/uploads\/2018\/03\/impresora-multifunci\u00f3n-hp-laserjet-m4555.jpg 264w, https:\/\/printerphoenix.com\/wp-content\/uploads\/2018\/03\/impresora-multifunci\u00f3n-hp-laserjet-m4555-150x150.jpg 150w, https:\/\/printerphoenix.com\/wp-content\/uploads\/2018\/03\/impresora-multifunci\u00f3n-hp-laserjet-m4555-180x180.jpg 180w\" sizes=\"auto, (max-width: 264px) 100vw, 264px\" \/><\/p>\n","protected":false},"excerpt":{"rendered":"<p>Referencia del Fabricante: CE732A Consta de las siguientes referencias: # RM1-7397 \u2013 Fusor 220V # RM1-0037-000 \u2013 Pickup Roller (8 Unidades) # RM1-5462-000 \u2013 Transfer Roller Tipo:\u00a0Remanufacturado Garant\u00eda:\u00a06 meses Vida \u00fatil:\u00a0\u00a0+\/- 100.000 copias ( 5% Cobertura) Plazo de entrega:\u00a024\/48 hora Instalaci\u00f3n*:\u00a0Mano de Obra y desplazamineto 46\u20ac (Si se requiere). Portes**:\u00a0Transporte de envi\u00f3 y recolecta incluido en el precio del fusor [&hellip;]<\/p>\n","protected":false},"featured_media":680,"template":"","meta":[],"product_brand":[],"product_cat":[15,16,154],"product_tag":[152,19,150,151],"class_list":{"0":"post-678","1":"product","2":"type-product","3":"status-publish","4":"has-post-thumbnail","6":"product_cat-fusores","7":"product_cat-hp","8":"product_cat-kit-mantenimiento-lexmark","9":"product_tag-ce732a","10":"product_tag-fusor","11":"product_tag-hp-laserjet-m4555mfp","12":"product_tag-kit-mantenimiento","14":"first","15":"instock","16":"taxable","17":"shipping-taxable","18":"purchasable","19":"product-type-simple"},"_links":{"self":[{"href":"https:\/\/printerphoenix.com\/en\/wp-json\/wp\/v2\/product\/678","targetHints":{"allow":["GET"]}}],"collection":[{"href":"https:\/\/printerphoenix.com\/en\/wp-json\/wp\/v2\/product"}],"about":[{"href":"https:\/\/printerphoenix.com\/en\/wp-json\/wp\/v2\/types\/product"}],"wp:featuredmedia":[{"embeddable":true,"href":"https:\/\/printerphoenix.com\/en\/wp-json\/wp\/v2\/media\/680"}],"wp:attachment":[{"href":"https:\/\/printerphoenix.com\/en\/wp-json\/wp\/v2\/media?parent=678"}],"wp:term":[{"taxonomy":"product_brand","embeddable":true,"href":"https:\/\/printerphoenix.com\/en\/wp-json\/wp\/v2\/product_brand?post=678"},{"taxonomy":"product_cat","embeddable":true,"href":"https:\/\/printerphoenix.com\/en\/wp-json\/wp\/v2\/product_cat?post=678"},{"taxonomy":"product_tag","embeddable":true,"href":"https:\/\/printerphoenix.com\/en\/wp-json\/wp\/v2\/product_tag?post=678"}],"curies":[{"name":"wp","href":"https:\/\/api.w.org\/{rel}","templated":true}]}}