{"id":681,"date":"2018-03-14T12:41:18","date_gmt":"2018-03-14T12:41:18","guid":{"rendered":"https:\/\/printerphoenix.com\/?post_type=product&#038;p=681"},"modified":"2023-04-26T11:13:33","modified_gmt":"2023-04-26T11:13:33","slug":"kit-mantenimiento-40x8426-lexmark-mx710810","status":"publish","type":"product","link":"https:\/\/printerphoenix.com\/en\/tienda\/kit-mantenimiento-40x8426-lexmark-mx710810\/","title":{"rendered":"KIT Mantenimiento 40X8426 Lexmark MX710\/810"},"content":{"rendered":"<p>Referencia del Fabricante: 40X8426<\/p>\n<p>Consta de las siguientes referencias:<\/p>\n<p># 40X7743 \u2013 Fusor 220V<br \/>\n#\u00a0<span id=\"productTitle\" class=\"a-size-large\">40X7582 &#8211; Transfer Roller<br \/>\n<\/span># 40&#215;7593 \u2013 Pickup Roller Assembly (3 Unidades)<br \/>\n# 40X7713 \u2013 Separation Roller Assembly\u00a0(3 Unidades)<\/p>\n<p><strong>Tipo:<\/strong>\u00a0Remanufacturado<br \/>\n<strong>Garant\u00eda:<\/strong>\u00a06 meses<br \/>\n<strong>Vida \u00fatil:<\/strong>\u00a0\u00a0+\/- 100.000 copias ( 5% Cobertura)<br \/>\n<strong>Plazo de entrega:<\/strong>\u00a024\/48 hora<br \/>\n<strong>Instalaci\u00f3n*:<\/strong>\u00a0Mano de Obra y desplazamineto 46\u20ac (Si se requiere).<br \/>\n<strong>Portes**:\u00a0<\/strong>Transporte de envi\u00f3 y recolecta incluido en el precio del fusor si nos devuelve la carcasa usada en el mismo eco-embalaje del envi\u00f3.<\/p>\n<p><strong>*<\/strong>\u00a0Cobertura en todo el\u00a0territorio nacional, contamos con m\u00e1s 50 centros de Servicio de Asistencia T\u00e9cnica lo que nos permite una r\u00e1pida respuesta<\/p>\n<p><strong>**<\/strong>Para m\u00e1s informaci\u00f3n: <em><a href=\"https:\/\/printerphoenix.com\/metodos-de-envio\/\"><strong>M\u00e9todos de envi\u00f3 y retorno<\/strong>.<\/a>\u00a0<\/em><\/p>\n<p>40X8426 KIT Mantenimiento 220v para impresoras Lexmark MX710\/MX710de\/MX710de\/MX710dhe\/MX711de\/MX711de\/MX711dthe\/MS810\/MS810de\/MS810dn\/MX810<\/p>\n<p><img loading=\"lazy\" decoding=\"async\" class=\"aligncenter size-medium wp-image-682\" src=\"https:\/\/printerphoenix.com\/wp-content\/uploads\/2018\/03\/Impresora-Lexmarl-MX710-300x300.jpg\" alt=\"\" width=\"300\" height=\"300\" srcset=\"https:\/\/printerphoenix.com\/wp-content\/uploads\/2018\/03\/Impresora-Lexmarl-MX710-300x300.jpg 300w, https:\/\/printerphoenix.com\/wp-content\/uploads\/2018\/03\/Impresora-Lexmarl-MX710-150x150.jpg 150w, https:\/\/printerphoenix.com\/wp-content\/uploads\/2018\/03\/Impresora-Lexmarl-MX710-768x768.jpg 768w, https:\/\/printerphoenix.com\/wp-content\/uploads\/2018\/03\/Impresora-Lexmarl-MX710-180x180.jpg 180w, https:\/\/printerphoenix.com\/wp-content\/uploads\/2018\/03\/Impresora-Lexmarl-MX710-600x600.jpg 600w, https:\/\/printerphoenix.com\/wp-content\/uploads\/2018\/03\/Impresora-Lexmarl-MX710-672x672.jpg 672w, https:\/\/printerphoenix.com\/wp-content\/uploads\/2018\/03\/Impresora-Lexmarl-MX710.jpg 786w\" sizes=\"auto, (max-width: 300px) 100vw, 300px\" \/><\/p>\n","protected":false},"excerpt":{"rendered":"<p>Referencia del Fabricante: 40X8426 Consta de las siguientes referencias: # 40X7743 \u2013 Fusor 220V #\u00a040X7582 &#8211; Transfer Roller # 40&#215;7593 \u2013 Pickup Roller Assembly (3 Unidades) # 40X7713 \u2013 Separation Roller Assembly\u00a0(3 Unidades) Tipo:\u00a0Remanufacturado Garant\u00eda:\u00a06 meses Vida \u00fatil:\u00a0\u00a0+\/- 100.000 copias ( 5% Cobertura) Plazo de entrega:\u00a024\/48 hora Instalaci\u00f3n*:\u00a0Mano de Obra y desplazamineto 46\u20ac (Si se requiere). Portes**:\u00a0Transporte de envi\u00f3 y [&hellip;]<\/p>\n","protected":false},"featured_media":683,"template":"","meta":[],"product_brand":[],"product_cat":[15,154,18],"product_tag":[155,151,24],"class_list":{"0":"post-681","1":"product","2":"type-product","3":"status-publish","4":"has-post-thumbnail","6":"product_cat-fusores","7":"product_cat-kit-mantenimiento-lexmark","8":"product_cat-lexmark","9":"product_tag-40x8426","10":"product_tag-kit-mantenimiento","11":"product_tag-lexmark","13":"first","14":"onbackorder","15":"sale","16":"taxable","17":"shipping-taxable","18":"purchasable","19":"product-type-simple"},"_links":{"self":[{"href":"https:\/\/printerphoenix.com\/en\/wp-json\/wp\/v2\/product\/681","targetHints":{"allow":["GET"]}}],"collection":[{"href":"https:\/\/printerphoenix.com\/en\/wp-json\/wp\/v2\/product"}],"about":[{"href":"https:\/\/printerphoenix.com\/en\/wp-json\/wp\/v2\/types\/product"}],"wp:featuredmedia":[{"embeddable":true,"href":"https:\/\/printerphoenix.com\/en\/wp-json\/wp\/v2\/media\/683"}],"wp:attachment":[{"href":"https:\/\/printerphoenix.com\/en\/wp-json\/wp\/v2\/media?parent=681"}],"wp:term":[{"taxonomy":"product_brand","embeddable":true,"href":"https:\/\/printerphoenix.com\/en\/wp-json\/wp\/v2\/product_brand?post=681"},{"taxonomy":"product_cat","embeddable":true,"href":"https:\/\/printerphoenix.com\/en\/wp-json\/wp\/v2\/product_cat?post=681"},{"taxonomy":"product_tag","embeddable":true,"href":"https:\/\/printerphoenix.com\/en\/wp-json\/wp\/v2\/product_tag?post=681"}],"curies":[{"name":"wp","href":"https:\/\/api.w.org\/{rel}","templated":true}]}}