{"id":684,"date":"2018-03-14T13:05:49","date_gmt":"2018-03-14T13:05:49","guid":{"rendered":"https:\/\/printerphoenix.com\/?post_type=product&#038;p=684"},"modified":"2020-07-30T09:34:20","modified_gmt":"2020-07-30T09:34:20","slug":"fusor-lu8236001-brother-mfc8480dn8680dn8890dw","status":"publish","type":"product","link":"https:\/\/printerphoenix.com\/en\/tienda\/fusor-lu8236001-brother-mfc8480dn8680dn8890dw\/","title":{"rendered":"Fusor LU8236001 Brother MFC8480DN\/8680DN\/8890DW"},"content":{"rendered":"<p style=\"text-align: left\">Referencia del Fabricante: LU8236001<\/p>\n<p style=\"text-align: left\"><strong>Tipo:<\/strong>\u00a0Remanufacturado<br \/>\n<strong>Garant\u00eda:<\/strong>\u00a06 meses<br \/>\n<strong>Vida \u00fatil:<\/strong>\u00a0\u00a0+\/- 100.000 copias ( 5% Cobertura)<br \/>\n<strong>Plazo de entrega:<\/strong>\u00a024\/48 hora<br \/>\n<strong>Instalaci\u00f3n*:<\/strong>\u00a0Mano de Obra y desplazamineto 46\u20ac (Si se requiere).<br \/>\n<strong>Portes**:\u00a0<\/strong>Transporte de envi\u00f3 y recolecta incluido en el precio del fusor si nos devuelve la carcasa usada en el mismo eco-embalaje del envi\u00f3.<\/p>\n<p style=\"text-align: left\">* Cobertura en todo el\u00a0territorio nacional, contamos con m\u00e1s 50 centros de Servicio de Asistencia T\u00e9cnica lo que nos permite una r\u00e1pida respuesta<\/p>\n<p style=\"text-align: left\">**Para m\u00e1s informaci\u00f3n consultar:\u00a0<a href=\"https:\/\/printerphoenix.com\/metodos-de-envio\/\"><em><strong>m\u00e9todos de envi\u00f3 y retorno<\/strong><\/em><\/a><\/p>\n<p>LU8236001 Fusor 220v para impresoras Brother DCP-8085DN \/ MFC-8380DN \/ DCP-8070D \/ DCP-8080DN\u00a0 \/ MFC-8370DN \u00a0\/ \u00a0MFC-8380 DNLT \/ MFC-8480DN \/ MFC-8880DN \/ MFC-8890DW \u00a0\/ \u00a0HL-5340 DNLT \/ HL-5340 \/ HL-5340D \/ HL-5340DN \/ HL-5340DW \/ HL-5350DN<\/p>\n<p><img loading=\"lazy\" decoding=\"async\" class=\"aligncenter size-medium wp-image-685\" src=\"https:\/\/printerphoenix.com\/wp-content\/uploads\/2018\/03\/impresora-multifuncion-Brother-MFC8480DN-300x225.jpg\" alt=\"\" width=\"300\" height=\"225\" \/><\/p>\n<p>&nbsp;<\/p>\n","protected":false},"excerpt":{"rendered":"<p>Referencia del Fabricante: LU8236001 Tipo:\u00a0Remanufacturado Garant\u00eda:\u00a06 meses Vida \u00fatil:\u00a0\u00a0+\/- 100.000 copias ( 5% Cobertura) Plazo de entrega:\u00a024\/48 hora Instalaci\u00f3n*:\u00a0Mano de Obra y desplazamineto 46\u20ac (Si se requiere). Portes**:\u00a0Transporte de envi\u00f3 y recolecta incluido en el precio del fusor si nos devuelve la carcasa usada en el mismo eco-embalaje del envi\u00f3. * Cobertura en todo el\u00a0territorio nacional, contamos con m\u00e1s 50 [&hellip;]<\/p>\n","protected":false},"featured_media":686,"template":"","meta":[],"product_brand":[],"product_cat":[103,15],"product_tag":[156,19,157],"class_list":{"0":"post-684","1":"product","2":"type-product","3":"status-publish","4":"has-post-thumbnail","6":"product_cat-brother","7":"product_cat-fusores","8":"product_tag-brother","9":"product_tag-fusor","10":"product_tag-lu8236001","12":"first","13":"instock","14":"taxable","15":"shipping-taxable","16":"purchasable","17":"product-type-simple"},"_links":{"self":[{"href":"https:\/\/printerphoenix.com\/en\/wp-json\/wp\/v2\/product\/684","targetHints":{"allow":["GET"]}}],"collection":[{"href":"https:\/\/printerphoenix.com\/en\/wp-json\/wp\/v2\/product"}],"about":[{"href":"https:\/\/printerphoenix.com\/en\/wp-json\/wp\/v2\/types\/product"}],"wp:featuredmedia":[{"embeddable":true,"href":"https:\/\/printerphoenix.com\/en\/wp-json\/wp\/v2\/media\/686"}],"wp:attachment":[{"href":"https:\/\/printerphoenix.com\/en\/wp-json\/wp\/v2\/media?parent=684"}],"wp:term":[{"taxonomy":"product_brand","embeddable":true,"href":"https:\/\/printerphoenix.com\/en\/wp-json\/wp\/v2\/product_brand?post=684"},{"taxonomy":"product_cat","embeddable":true,"href":"https:\/\/printerphoenix.com\/en\/wp-json\/wp\/v2\/product_cat?post=684"},{"taxonomy":"product_tag","embeddable":true,"href":"https:\/\/printerphoenix.com\/en\/wp-json\/wp\/v2\/product_tag?post=684"}],"curies":[{"name":"wp","href":"https:\/\/api.w.org\/{rel}","templated":true}]}}