{"id":687,"date":"2018-03-14T14:09:17","date_gmt":"2018-03-14T14:09:17","guid":{"rendered":"https:\/\/printerphoenix.com\/?post_type=product&#038;p=687"},"modified":"2022-09-06T06:37:02","modified_gmt":"2022-09-06T06:37:02","slug":"f","status":"publish","type":"product","link":"https:\/\/printerphoenix.com\/en\/tienda\/f\/","title":{"rendered":"Fusor LU0217001 Brother HL5240\/HL5250DN\/MFC8460DN\/MFC8850DN"},"content":{"rendered":"<p style=\"text-align: left\">Referencia del Fabricante: LU0217001<\/p>\n<p style=\"text-align: left\"><strong>Tipo:<\/strong>\u00a0Remanufacturado<br \/>\n<strong>Garant\u00eda:<\/strong>\u00a06 meses<br \/>\n<strong>Vida \u00fatil:<\/strong>\u00a0\u00a0+\/- 100.000 copias ( 5% Cobertura)<br \/>\n<strong>Plazo de entrega:<\/strong>\u00a024\/48 hora<br \/>\n<strong>Instalaci\u00f3n*:<\/strong>\u00a0Mano de Obra y desplazamineto 46\u20ac (Si se requiere).<br \/>\n<strong>Portes**:\u00a0<\/strong>Transporte de envi\u00f3 y recolecta incluido en el precio del fusor si nos devuelve la carcasa usada en el mismo eco-embalaje del envi\u00f3.<\/p>\n<p style=\"text-align: left\">* Cobertura en todo el\u00a0territorio nacional, contamos con m\u00e1s 50 centros de Servicio de Asistencia T\u00e9cnica lo que nos permite una r\u00e1pida respuesta<\/p>\n<p style=\"text-align: left\">**Para m\u00e1s informaci\u00f3n consultar:\u00a0<a href=\"https:\/\/printerphoenix.com\/metodos-de-envio\/\"><em><strong>m\u00e9todos de envi\u00f3 y retorno<\/strong><\/em><\/a><\/p>\n<p>LU0217001 Fusor 220v para impresoras Brother HL5240 \/ HL5250DN \/ HL5280DN\u00a0 \/ MFC-8460N \u00a0\/ \u00a0MFC-88850 DN<\/p>\n<p><img loading=\"lazy\" decoding=\"async\" class=\"aligncenter size-medium wp-image-689\" src=\"https:\/\/printerphoenix.com\/wp-content\/uploads\/2018\/03\/impresora-Brother-HL-5240-300x250.jpg\" alt=\"\" width=\"300\" height=\"250\" srcset=\"https:\/\/printerphoenix.com\/wp-content\/uploads\/2018\/03\/impresora-Brother-HL-5240-300x250.jpg 300w, https:\/\/printerphoenix.com\/wp-content\/uploads\/2018\/03\/impresora-Brother-HL-5240.jpg 440w\" sizes=\"auto, (max-width: 300px) 100vw, 300px\" \/><\/p>\n<p>&nbsp;<\/p>\n","protected":false},"excerpt":{"rendered":"<p>Referencia del Fabricante: LU0217001 Tipo:\u00a0Remanufacturado Garant\u00eda:\u00a06 meses Vida \u00fatil:\u00a0\u00a0+\/- 100.000 copias ( 5% Cobertura) Plazo de entrega:\u00a024\/48 hora Instalaci\u00f3n*:\u00a0Mano de Obra y desplazamineto 46\u20ac (Si se requiere). Portes**:\u00a0Transporte de envi\u00f3 y recolecta incluido en el precio del fusor si nos devuelve la carcasa usada en el mismo eco-embalaje del envi\u00f3. * Cobertura en todo el\u00a0territorio nacional, contamos con m\u00e1s 50 [&hellip;]<\/p>\n","protected":false},"featured_media":688,"template":"","meta":[],"product_brand":[],"product_cat":[103,15],"product_tag":[156,19,158],"class_list":{"0":"post-687","1":"product","2":"type-product","3":"status-publish","4":"has-post-thumbnail","6":"product_cat-brother","7":"product_cat-fusores","8":"product_tag-brother","9":"product_tag-fusor","10":"product_tag-lu0217001","12":"first","13":"onbackorder","14":"taxable","15":"shipping-taxable","16":"purchasable","17":"product-type-simple"},"_links":{"self":[{"href":"https:\/\/printerphoenix.com\/en\/wp-json\/wp\/v2\/product\/687","targetHints":{"allow":["GET"]}}],"collection":[{"href":"https:\/\/printerphoenix.com\/en\/wp-json\/wp\/v2\/product"}],"about":[{"href":"https:\/\/printerphoenix.com\/en\/wp-json\/wp\/v2\/types\/product"}],"wp:featuredmedia":[{"embeddable":true,"href":"https:\/\/printerphoenix.com\/en\/wp-json\/wp\/v2\/media\/688"}],"wp:attachment":[{"href":"https:\/\/printerphoenix.com\/en\/wp-json\/wp\/v2\/media?parent=687"}],"wp:term":[{"taxonomy":"product_brand","embeddable":true,"href":"https:\/\/printerphoenix.com\/en\/wp-json\/wp\/v2\/product_brand?post=687"},{"taxonomy":"product_cat","embeddable":true,"href":"https:\/\/printerphoenix.com\/en\/wp-json\/wp\/v2\/product_cat?post=687"},{"taxonomy":"product_tag","embeddable":true,"href":"https:\/\/printerphoenix.com\/en\/wp-json\/wp\/v2\/product_tag?post=687"}],"curies":[{"name":"wp","href":"https:\/\/api.w.org\/{rel}","templated":true}]}}