{"id":72,"date":"2017-06-26T16:14:31","date_gmt":"2017-06-26T16:14:31","guid":{"rendered":"https:\/\/printerphoenix.com\/?post_type=product&#038;p=72"},"modified":"2021-03-03T08:29:44","modified_gmt":"2021-03-03T08:29:44","slug":"fusor-q7503a-hp-color-laserjet-47004730cp4005-series","status":"publish","type":"product","link":"https:\/\/printerphoenix.com\/en\/tienda\/fusor-q7503a-hp-color-laserjet-47004730cp4005-series\/","title":{"rendered":"Fusor Q7503A HP Color LaserJet 4700\/4730\/CP4005 Series"},"content":{"rendered":"<p>Referencia del Fabricante: RM1-3146 \/ Q7503A<\/p>\n<p><strong>Tipo:<\/strong>\u00a0Remanufacturado<br \/>\n<strong>Garant\u00eda:<\/strong>\u00a06 meses<br \/>\n<strong>Vida \u00fatil:<\/strong>\u00a0\u00a0+\/- 150.000 copias ( 5% Cobertura)<br \/>\n<strong>Plazo de entrega:<\/strong>\u00a024\/48 hora<br \/>\n<strong>Instalaci\u00f3n*:<\/strong>\u00a0Mano de Obra y desplazamineto 46\u20ac (Si se requiere).<br \/>\n<strong>Portes**:\u00a0<\/strong>Transporte de envi\u00f3 y recolecta incluido en el precio del fusor si nos devuelve la carcasa usada en el mismo eco-embalaje del envi\u00f3.<\/p>\n<p><strong>*<\/strong>\u00a0Cobertura en todo el\u00a0territorio nacional, contamos con m\u00e1s 50 centros de Servicio de Asistencia T\u00e9cnica lo que nos permite una r\u00e1pida respuesta<\/p>\n<p><strong>**<\/strong>Para m\u00e1s informaci\u00f3n:\u00a0<em><strong>Consultar m\u00e9todos de envi\u00f3<\/strong>.\u00a0<\/em><\/p>\n<p>RM1-3146 \/ Q7503A Fusor 220v para impresoras HP Color LaserJet 4700, 4700N, 4700DN, 4700DTN, 4700P+ \/ 4730, 4730X, 4730XM, 4730XS \/ CM4730 MFP, CM4730F MFP, CM4370FM MFP, CM4730FSK MFP \/ CP4005, CP4005N, CP4005DN<\/p>\n<p><img loading=\"lazy\" decoding=\"async\" class=\"alignnone size-full wp-image-158\" src=\"https:\/\/printerphoenix.com\/wp-content\/uploads\/2017\/06\/HP-Laserjet-4700.png\" alt=\"\" width=\"238\" height=\"224\" \/><\/p>\n","protected":false},"excerpt":{"rendered":"<p>Referencia del Fabricante: RM1-3146 \/ Q7503A Tipo:\u00a0Remanufacturado Garant\u00eda:\u00a06 meses Vida \u00fatil:\u00a0\u00a0+\/- 150.000 copias ( 5% Cobertura) Plazo de entrega:\u00a024\/48 hora Instalaci\u00f3n*:\u00a0Mano de Obra y desplazamineto 46\u20ac (Si se requiere). Portes**:\u00a0Transporte de envi\u00f3 y recolecta incluido en el precio del fusor si nos devuelve la carcasa usada en el mismo eco-embalaje del envi\u00f3. *\u00a0Cobertura en todo el\u00a0territorio nacional, contamos con m\u00e1s [&hellip;]<\/p>\n","protected":false},"featured_media":159,"template":"","meta":[],"product_brand":[],"product_cat":[15,16],"product_tag":[23,19,20,21,104],"class_list":{"0":"post-72","1":"product","2":"type-product","3":"status-publish","4":"has-post-thumbnail","6":"product_cat-fusores","7":"product_cat-hp","8":"product_tag-color","9":"product_tag-fusor","10":"product_tag-hp","11":"product_tag-laserjet","12":"product_tag-q7503a","14":"first","15":"instock","16":"taxable","17":"shipping-taxable","18":"purchasable","19":"product-type-simple"},"_links":{"self":[{"href":"https:\/\/printerphoenix.com\/en\/wp-json\/wp\/v2\/product\/72","targetHints":{"allow":["GET"]}}],"collection":[{"href":"https:\/\/printerphoenix.com\/en\/wp-json\/wp\/v2\/product"}],"about":[{"href":"https:\/\/printerphoenix.com\/en\/wp-json\/wp\/v2\/types\/product"}],"wp:featuredmedia":[{"embeddable":true,"href":"https:\/\/printerphoenix.com\/en\/wp-json\/wp\/v2\/media\/159"}],"wp:attachment":[{"href":"https:\/\/printerphoenix.com\/en\/wp-json\/wp\/v2\/media?parent=72"}],"wp:term":[{"taxonomy":"product_brand","embeddable":true,"href":"https:\/\/printerphoenix.com\/en\/wp-json\/wp\/v2\/product_brand?post=72"},{"taxonomy":"product_cat","embeddable":true,"href":"https:\/\/printerphoenix.com\/en\/wp-json\/wp\/v2\/product_cat?post=72"},{"taxonomy":"product_tag","embeddable":true,"href":"https:\/\/printerphoenix.com\/en\/wp-json\/wp\/v2\/product_tag?post=72"}],"curies":[{"name":"wp","href":"https:\/\/api.w.org\/{rel}","templated":true}]}}