{"id":769,"date":"2018-08-14T08:03:35","date_gmt":"2018-08-14T08:03:35","guid":{"rendered":"https:\/\/printerphoenix.com\/?post_type=product&#038;p=769"},"modified":"2018-08-14T08:28:05","modified_gmt":"2018-08-14T08:28:05","slug":"fusor-lexmark-40x8024-ms310ms410ms510ms610-series-copia","status":"publish","type":"product","link":"https:\/\/printerphoenix.com\/en\/tienda\/fusor-lexmark-40x8024-ms310ms410ms510ms610-series-copia\/","title":{"rendered":"Fusor Lexmark 40X4195 &#8211; E230\/E330 (E-Series)"},"content":{"rendered":"<p>Referencia del Fabricante: 40X4195<\/p>\n<p><strong>Tipo:<\/strong>\u00a0Remanufacturado<br \/>\n<strong>Garant\u00eda:<\/strong>\u00a06 meses<br \/>\n<strong>Vida \u00fatil:<\/strong>\u00a0\u00a0+\/- 60.000 copias ( 5% Cobertura)<br \/>\n<strong>Plazo de entrega:<\/strong>\u00a024\/48 hora<br \/>\n<strong>Instalaci\u00f3n*:<\/strong>\u00a0Mano de Obra y desplazamineto 46\u20ac (Si se requiere).<br \/>\n<strong>Portes**:\u00a0<\/strong>Transporte de envi\u00f3 y recolecta incluido en el precio del fusor si nos devuelve la carcasa usada en el mismo eco-embalaje del envi\u00f3.<\/p>\n<p><strong>*<\/strong>\u00a0Cobertura en todo el\u00a0territorio nacional, contamos con m\u00e1s 50 centros de Servicio de Asistencia T\u00e9cnica lo que nos permite una r\u00e1pida respuesta<\/p>\n<p><strong>**<\/strong>Para m\u00e1s informaci\u00f3n consultar: <em><a href=\"https:\/\/printerphoenix.com\/metodos-de-envio\/\"><strong>M\u00e9todos de envi\u00f3 y retorno<\/strong>.<\/a>\u00a0<\/em><\/p>\n<p>&nbsp;<\/p>\n<p>40X4195 Fusor 220v para impresoras Lexmark:\u00a0 E230 \/ E232 \/ E234 \/ E238 \/ E240\/ E330 \/ E332 \/ E340 \/ E342 \/ X203N \/ X204N \/ X340<\/p>\n<p><img loading=\"lazy\" decoding=\"async\" class=\"size-full wp-image-770 alignleft\" src=\"https:\/\/printerphoenix.com\/wp-content\/uploads\/2018\/08\/Impresora-Lexmark-E330.jpg\" alt=\"\" width=\"217\" height=\"232\" \/><\/p>\n<p>&nbsp;<\/p>\n","protected":false},"excerpt":{"rendered":"<p>Fusor (40X2590) Lexmark T640\/T642\/T644<\/p>\n","protected":false},"featured_media":771,"template":"","meta":[],"product_brand":[],"product_cat":[15,18],"product_tag":[179,19,24],"class_list":{"0":"post-769","1":"product","2":"type-product","3":"status-publish","4":"has-post-thumbnail","6":"product_cat-fusores","7":"product_cat-lexmark","8":"product_tag-40x4195","9":"product_tag-fusor","10":"product_tag-lexmark","12":"first","13":"instock","14":"taxable","15":"shipping-taxable","16":"purchasable","17":"product-type-simple"},"_links":{"self":[{"href":"https:\/\/printerphoenix.com\/en\/wp-json\/wp\/v2\/product\/769","targetHints":{"allow":["GET"]}}],"collection":[{"href":"https:\/\/printerphoenix.com\/en\/wp-json\/wp\/v2\/product"}],"about":[{"href":"https:\/\/printerphoenix.com\/en\/wp-json\/wp\/v2\/types\/product"}],"wp:featuredmedia":[{"embeddable":true,"href":"https:\/\/printerphoenix.com\/en\/wp-json\/wp\/v2\/media\/771"}],"wp:attachment":[{"href":"https:\/\/printerphoenix.com\/en\/wp-json\/wp\/v2\/media?parent=769"}],"wp:term":[{"taxonomy":"product_brand","embeddable":true,"href":"https:\/\/printerphoenix.com\/en\/wp-json\/wp\/v2\/product_brand?post=769"},{"taxonomy":"product_cat","embeddable":true,"href":"https:\/\/printerphoenix.com\/en\/wp-json\/wp\/v2\/product_cat?post=769"},{"taxonomy":"product_tag","embeddable":true,"href":"https:\/\/printerphoenix.com\/en\/wp-json\/wp\/v2\/product_tag?post=769"}],"curies":[{"name":"wp","href":"https:\/\/api.w.org\/{rel}","templated":true}]}}