{"id":91,"date":"2017-06-27T08:40:00","date_gmt":"2017-06-27T08:40:00","guid":{"rendered":"https:\/\/printerphoenix.com\/?post_type=product&#038;p=91"},"modified":"2023-01-26T16:07:58","modified_gmt":"2023-01-26T16:07:58","slug":"fuser-hp-laserjet-pro-cp5225dn5225n","status":"publish","type":"product","link":"https:\/\/printerphoenix.com\/en\/tienda\/fuser-hp-laserjet-pro-cp5225dn5225n\/","title":{"rendered":"Fusor CE978A Hp Color LaserJet Enterptice CP5225\/CP5225n\/CP5225Dn"},"content":{"rendered":"<p>Referencia del Fabricante: CE978A \/ CE710-69002<\/p>\n<p><strong>Tipo:<\/strong>\u00a0Remanufacturado<br \/>\n<strong>Garant\u00eda:<\/strong>\u00a06 meses<br \/>\n<strong>Vida \u00fatil:<\/strong>\u00a0\u00a0+\/- 150.000 copias ( 5% Cobertura)<br \/>\n<strong>Plazo de entrega:<\/strong>\u00a024\/48 hora<br \/>\n<strong>Instalaci\u00f3n*:<\/strong>\u00a0Mano de Obra y desplazamineto 46\u20ac (Si se requiere).<br \/>\n<strong>Portes**:\u00a0<\/strong>Transporte de envi\u00f3 y recolecta incluido en el precio del fusor si nos devuelve la carcasa usada en el mismo eco-embalaje del envi\u00f3.<\/p>\n<p><strong>*<\/strong>\u00a0Cobertura en todo el\u00a0territorio nacional, contamos con m\u00e1s 50 centros de Servicio de Asistencia T\u00e9cnica lo que nos permite una r\u00e1pida respuesta<\/p>\n<p><strong>**<\/strong>Para m\u00e1s informaci\u00f3n:\u00a0<em><strong>Consultar m\u00e9todos de envi\u00f3<\/strong>.\u00a0<\/em><\/p>\n<p>CE978A Fusor 220v para impresoras HP Color LaserJet Enterprice CP5225, CP5225N, CP5225DN, CP5525XH \/ M750, M750N, M750DN, M750XH<\/p>\n<p><img loading=\"lazy\" decoding=\"async\" class=\"alignnone size-medium wp-image-93\" src=\"https:\/\/printerphoenix.com\/wp-content\/uploads\/2017\/06\/Laserjet-Pro-CP5225-300x300.jpg\" alt=\"\" width=\"300\" height=\"300\" srcset=\"https:\/\/printerphoenix.com\/wp-content\/uploads\/2017\/06\/Laserjet-Pro-CP5225-300x300.jpg 300w, https:\/\/printerphoenix.com\/wp-content\/uploads\/2017\/06\/Laserjet-Pro-CP5225-150x150.jpg 150w, https:\/\/printerphoenix.com\/wp-content\/uploads\/2017\/06\/Laserjet-Pro-CP5225-180x180.jpg 180w, https:\/\/printerphoenix.com\/wp-content\/uploads\/2017\/06\/Laserjet-Pro-CP5225.jpg 500w\" sizes=\"auto, (max-width: 300px) 100vw, 300px\" \/><\/p>\n","protected":false},"excerpt":{"rendered":"<p>Referencia del Fabricante: CE978A \/ CE710-69002 Tipo:\u00a0Remanufacturado Garant\u00eda:\u00a06 meses Vida \u00fatil:\u00a0\u00a0+\/- 150.000 copias ( 5% Cobertura) Plazo de entrega:\u00a024\/48 hora Instalaci\u00f3n*:\u00a0Mano de Obra y desplazamineto 46\u20ac (Si se requiere). Portes**:\u00a0Transporte de envi\u00f3 y recolecta incluido en el precio del fusor si nos devuelve la carcasa usada en el mismo eco-embalaje del envi\u00f3. *\u00a0Cobertura en todo el\u00a0territorio nacional, contamos con m\u00e1s [&hellip;]<\/p>\n","protected":false},"featured_media":709,"template":"","meta":[],"product_brand":[],"product_cat":[15,16],"product_tag":[23,19,20,21],"class_list":{"0":"post-91","1":"product","2":"type-product","3":"status-publish","4":"has-post-thumbnail","6":"product_cat-fusores","7":"product_cat-hp","8":"product_tag-color","9":"product_tag-fusor","10":"product_tag-hp","11":"product_tag-laserjet","13":"first","14":"instock","15":"sale","16":"taxable","17":"shipping-taxable","18":"purchasable","19":"product-type-simple"},"_links":{"self":[{"href":"https:\/\/printerphoenix.com\/en\/wp-json\/wp\/v2\/product\/91","targetHints":{"allow":["GET"]}}],"collection":[{"href":"https:\/\/printerphoenix.com\/en\/wp-json\/wp\/v2\/product"}],"about":[{"href":"https:\/\/printerphoenix.com\/en\/wp-json\/wp\/v2\/types\/product"}],"wp:featuredmedia":[{"embeddable":true,"href":"https:\/\/printerphoenix.com\/en\/wp-json\/wp\/v2\/media\/709"}],"wp:attachment":[{"href":"https:\/\/printerphoenix.com\/en\/wp-json\/wp\/v2\/media?parent=91"}],"wp:term":[{"taxonomy":"product_brand","embeddable":true,"href":"https:\/\/printerphoenix.com\/en\/wp-json\/wp\/v2\/product_brand?post=91"},{"taxonomy":"product_cat","embeddable":true,"href":"https:\/\/printerphoenix.com\/en\/wp-json\/wp\/v2\/product_cat?post=91"},{"taxonomy":"product_tag","embeddable":true,"href":"https:\/\/printerphoenix.com\/en\/wp-json\/wp\/v2\/product_tag?post=91"}],"curies":[{"name":"wp","href":"https:\/\/api.w.org\/{rel}","templated":true}]}}